{"id":9862,"date":"2021-02-01T16:25:51","date_gmt":"2021-02-01T14:25:51","guid":{"rendered":"https:\/\/farwell.ee\/toode\/pizzapann-o-26cm\/"},"modified":"2026-03-05T16:15:04","modified_gmt":"2026-03-05T14:15:04","slug":"pizzapann-o-26cm","status":"publish","type":"product","link":"https:\/\/farwell.ee\/ru\/product\/pizzapann-o-26cm\/","title":{"rendered":"Pitsapann \u00d826cm terasest"},"content":{"rendered":"","protected":false},"excerpt":{"rendered":"<p>Valmistatud karastatud terasest (sinine teras), mis sobib suurep\u00e4raselt pannipitsa valmistamiseks.<br \/>\nKarastusprotsessi k\u00e4igus on teras osaliselt kaitstud rooste eest.<br \/>\nMasinpesu ei ole lubatud !<\/p>\n<p>Ettevalmistus kasutamiseks: kuumuta ahi 150\u00b0C-ni ja p\u00f5leta pitsapanni pinnalt tehaserasv ahjus, umbes 30 minutit.<br \/>\nLaske pannil jahtuda ja seej\u00e4rel on see kasutamiseks valmis.<\/p>\n<p>Me ei soovita terasest pitsapanne veega pesta, aga kui pead seda siiski tegema, siis kuivata pann p\u00e4rast hoolikalt ahjus, jahuta seej\u00e4rel ja m\u00e4\u00e4ri \u00f5huke kiht taime\u00f5li, et pann ei roostetaks.<br \/>\nKui pannile tekivad siiski roostet\u00e4pid v\u00f5i roostekiht, siis eemalda rooste n\u00e4iteks terasvillaga, pese pann hoolikalt, kuivata ja tee uus rasvap\u00f5letus ahjus.<\/p>","protected":false},"featured_media":9861,"template":"","meta":{"_acf_changed":false,"inline_featured_image":false},"product_brand":[],"product_cat":[154],"product_tag":[6392],"class_list":{"0":"post-9862","1":"product","2":"type-product","3":"status-publish","4":"has-post-thumbnail","6":"product_cat-pizzatarvikud","7":"product_tag-pitsa","8":"pa_kaubamark-paderno","10":"first","11":"instock","12":"shipping-taxable","13":"purchasable","14":"product-type-simple"},"acf":[],"_links":{"self":[{"href":"https:\/\/farwell.ee\/ru\/wp-json\/wp\/v2\/product\/9862","targetHints":{"allow":["GET"]}}],"collection":[{"href":"https:\/\/farwell.ee\/ru\/wp-json\/wp\/v2\/product"}],"about":[{"href":"https:\/\/farwell.ee\/ru\/wp-json\/wp\/v2\/types\/product"}],"wp:featuredmedia":[{"embeddable":true,"href":"https:\/\/farwell.ee\/ru\/wp-json\/wp\/v2\/media\/9861"}],"wp:attachment":[{"href":"https:\/\/farwell.ee\/ru\/wp-json\/wp\/v2\/media?parent=9862"}],"wp:term":[{"taxonomy":"product_brand","embeddable":true,"href":"https:\/\/farwell.ee\/ru\/wp-json\/wp\/v2\/product_brand?post=9862"},{"taxonomy":"product_cat","embeddable":true,"href":"https:\/\/farwell.ee\/ru\/wp-json\/wp\/v2\/product_cat?post=9862"},{"taxonomy":"product_tag","embeddable":true,"href":"https:\/\/farwell.ee\/ru\/wp-json\/wp\/v2\/product_tag?post=9862"}],"curies":[{"name":"wp","href":"https:\/\/api.w.org\/{rel}","templated":true}]}}