{"id":9122,"date":"2021-02-01T16:16:11","date_gmt":"2021-02-01T14:16:11","guid":{"rendered":"https:\/\/farwell.ee\/toode\/vahuveini-kuuler-o-405cm-135l\/"},"modified":"2026-04-15T17:30:05","modified_gmt":"2026-04-15T14:30:05","slug":"vahuveini-kuuler-o-405cm-135l","status":"publish","type":"product","link":"https:\/\/farwell.ee\/ru\/product\/vahuveini-kuuler-o-405cm-135l\/","title":{"rendered":"Veinik\u00fc\u00fcler 40,5cm jalaga, maht 13,5L"},"content":{"rendered":"","protected":false},"excerpt":{"rendered":"<p>Peegelpoleeritud.<br \/>\nMasinpestav.<br \/>\nJala l\u00e4bim\u00f5\u00f5t 27,5cm.<\/p>","protected":false},"featured_media":33661,"template":"","meta":{"_acf_changed":false,"inline_featured_image":false},"product_brand":[],"product_cat":[142],"product_tag":[6328,6329],"class_list":{"0":"post-9122","1":"product","2":"type-product","3":"status-publish","4":"has-post-thumbnail","6":"product_cat-kuulerid","7":"product_tag-veinijahutaja","8":"product_tag-veinikuuler","9":"pa_kaubamark-aps","11":"first","12":"outofstock","13":"shipping-taxable","14":"purchasable","15":"product-type-simple"},"acf":[],"_links":{"self":[{"href":"https:\/\/farwell.ee\/ru\/wp-json\/wp\/v2\/product\/9122","targetHints":{"allow":["GET"]}}],"collection":[{"href":"https:\/\/farwell.ee\/ru\/wp-json\/wp\/v2\/product"}],"about":[{"href":"https:\/\/farwell.ee\/ru\/wp-json\/wp\/v2\/types\/product"}],"wp:featuredmedia":[{"embeddable":true,"href":"https:\/\/farwell.ee\/ru\/wp-json\/wp\/v2\/media\/33661"}],"wp:attachment":[{"href":"https:\/\/farwell.ee\/ru\/wp-json\/wp\/v2\/media?parent=9122"}],"wp:term":[{"taxonomy":"product_brand","embeddable":true,"href":"https:\/\/farwell.ee\/ru\/wp-json\/wp\/v2\/product_brand?post=9122"},{"taxonomy":"product_cat","embeddable":true,"href":"https:\/\/farwell.ee\/ru\/wp-json\/wp\/v2\/product_cat?post=9122"},{"taxonomy":"product_tag","embeddable":true,"href":"https:\/\/farwell.ee\/ru\/wp-json\/wp\/v2\/product_tag?post=9122"}],"curies":[{"name":"wp","href":"https:\/\/api.w.org\/{rel}","templated":true}]}}