{"id":9120,"date":"2021-02-01T16:16:10","date_gmt":"2021-02-01T14:16:10","guid":{"rendered":"https:\/\/farwell.ee\/toode\/jaanou-6l\/"},"modified":"2026-03-03T09:30:09","modified_gmt":"2026-03-03T07:30:09","slug":"jaanou-6l","status":"publish","type":"product","link":"https:\/\/farwell.ee\/ru\/product\/jaanou-6l\/","title":{"rendered":"J\u00e4\u00e4n\u00f5u 6L eemaldatava siseosaga"},"content":{"rendered":"","protected":false},"excerpt":{"rendered":"<p>Hoiab j\u00e4\u00e4kuubikud tahkena kuni 5 tundi.<br \/>\nMahutab maksimaalselt 300 j\u00e4\u00e4kuubikut.<\/p>","protected":false},"featured_media":16461,"template":"","meta":{"_acf_changed":false,"inline_featured_image":false},"product_brand":[],"product_cat":[126],"product_tag":[],"class_list":{"0":"post-9120","1":"product","2":"type-product","3":"status-publish","4":"has-post-thumbnail","6":"product_cat-jaanoud","7":"pa_kaubamark-aps","9":"first","10":"instock","11":"shipping-taxable","12":"purchasable","13":"product-type-simple"},"acf":[],"_links":{"self":[{"href":"https:\/\/farwell.ee\/ru\/wp-json\/wp\/v2\/product\/9120","targetHints":{"allow":["GET"]}}],"collection":[{"href":"https:\/\/farwell.ee\/ru\/wp-json\/wp\/v2\/product"}],"about":[{"href":"https:\/\/farwell.ee\/ru\/wp-json\/wp\/v2\/types\/product"}],"wp:featuredmedia":[{"embeddable":true,"href":"https:\/\/farwell.ee\/ru\/wp-json\/wp\/v2\/media\/16461"}],"wp:attachment":[{"href":"https:\/\/farwell.ee\/ru\/wp-json\/wp\/v2\/media?parent=9120"}],"wp:term":[{"taxonomy":"product_brand","embeddable":true,"href":"https:\/\/farwell.ee\/ru\/wp-json\/wp\/v2\/product_brand?post=9120"},{"taxonomy":"product_cat","embeddable":true,"href":"https:\/\/farwell.ee\/ru\/wp-json\/wp\/v2\/product_cat?post=9120"},{"taxonomy":"product_tag","embeddable":true,"href":"https:\/\/farwell.ee\/ru\/wp-json\/wp\/v2\/product_tag?post=9120"}],"curies":[{"name":"wp","href":"https:\/\/api.w.org\/{rel}","templated":true}]}}