{"id":9112,"date":"2021-02-01T16:16:08","date_gmt":"2021-02-01T14:16:08","guid":{"rendered":"https:\/\/farwell.ee\/toode\/veinikuuler-o-21cm\/"},"modified":"2026-03-03T09:30:09","modified_gmt":"2026-03-03T07:30:09","slug":"veinikuuler-o-21cm","status":"publish","type":"product","link":"https:\/\/farwell.ee\/ru\/product\/veinikuuler-o-21cm\/","title":{"rendered":"Veinik\u00fc\u00fcler \u00d8 21cm k\u00e4epidemetega, k21cm"},"content":{"rendered":"","protected":false},"excerpt":{"rendered":"","protected":false},"featured_media":37166,"template":"","meta":{"_acf_changed":false,"inline_featured_image":false},"product_brand":[],"product_cat":[142],"product_tag":[6328,6329],"class_list":{"0":"post-9112","1":"product","2":"type-product","3":"status-publish","4":"has-post-thumbnail","6":"product_cat-kuulerid","7":"product_tag-veinijahutaja","8":"product_tag-veinikuuler","9":"pa_kaubamark-aps","11":"first","12":"instock","13":"shipping-taxable","14":"purchasable","15":"product-type-simple"},"acf":[],"_links":{"self":[{"href":"https:\/\/farwell.ee\/ru\/wp-json\/wp\/v2\/product\/9112","targetHints":{"allow":["GET"]}}],"collection":[{"href":"https:\/\/farwell.ee\/ru\/wp-json\/wp\/v2\/product"}],"about":[{"href":"https:\/\/farwell.ee\/ru\/wp-json\/wp\/v2\/types\/product"}],"wp:featuredmedia":[{"embeddable":true,"href":"https:\/\/farwell.ee\/ru\/wp-json\/wp\/v2\/media\/37166"}],"wp:attachment":[{"href":"https:\/\/farwell.ee\/ru\/wp-json\/wp\/v2\/media?parent=9112"}],"wp:term":[{"taxonomy":"product_brand","embeddable":true,"href":"https:\/\/farwell.ee\/ru\/wp-json\/wp\/v2\/product_brand?post=9112"},{"taxonomy":"product_cat","embeddable":true,"href":"https:\/\/farwell.ee\/ru\/wp-json\/wp\/v2\/product_cat?post=9112"},{"taxonomy":"product_tag","embeddable":true,"href":"https:\/\/farwell.ee\/ru\/wp-json\/wp\/v2\/product_tag?post=9112"}],"curies":[{"name":"wp","href":"https:\/\/api.w.org\/{rel}","templated":true}]}}