{"id":9102,"date":"2021-02-01T16:16:04","date_gmt":"2021-02-01T14:16:04","guid":{"rendered":"https:\/\/farwell.ee\/toode\/kuuler-o-20cm\/"},"modified":"2026-03-03T09:30:09","modified_gmt":"2026-03-03T07:30:09","slug":"kuuler-o-20cm","status":"publish","type":"product","link":"https:\/\/farwell.ee\/ru\/product\/kuuler-o-20cm\/","title":{"rendered":"Veinik\u00fc\u00fcler \u00d8 20cm matt, maht 4L"},"content":{"rendered":"","protected":false},"excerpt":{"rendered":"","protected":false},"featured_media":9101,"template":"","meta":{"_acf_changed":false,"inline_featured_image":false},"product_brand":[],"product_cat":[142],"product_tag":[6328,6329],"class_list":{"0":"post-9102","1":"product","2":"type-product","3":"status-publish","4":"has-post-thumbnail","6":"product_cat-kuulerid","7":"product_tag-veinijahutaja","8":"product_tag-veinikuuler","9":"pa_kaubamark-aps","11":"first","12":"outofstock","13":"shipping-taxable","14":"purchasable","15":"product-type-simple"},"acf":[],"_links":{"self":[{"href":"https:\/\/farwell.ee\/ru\/wp-json\/wp\/v2\/product\/9102","targetHints":{"allow":["GET"]}}],"collection":[{"href":"https:\/\/farwell.ee\/ru\/wp-json\/wp\/v2\/product"}],"about":[{"href":"https:\/\/farwell.ee\/ru\/wp-json\/wp\/v2\/types\/product"}],"wp:featuredmedia":[{"embeddable":true,"href":"https:\/\/farwell.ee\/ru\/wp-json\/wp\/v2\/media\/9101"}],"wp:attachment":[{"href":"https:\/\/farwell.ee\/ru\/wp-json\/wp\/v2\/media?parent=9102"}],"wp:term":[{"taxonomy":"product_brand","embeddable":true,"href":"https:\/\/farwell.ee\/ru\/wp-json\/wp\/v2\/product_brand?post=9102"},{"taxonomy":"product_cat","embeddable":true,"href":"https:\/\/farwell.ee\/ru\/wp-json\/wp\/v2\/product_cat?post=9102"},{"taxonomy":"product_tag","embeddable":true,"href":"https:\/\/farwell.ee\/ru\/wp-json\/wp\/v2\/product_tag?post=9102"}],"curies":[{"name":"wp","href":"https:\/\/api.w.org\/{rel}","templated":true}]}}