{"id":8856,"date":"2021-02-01T16:11:30","date_gmt":"2021-02-01T14:11:30","guid":{"rendered":"https:\/\/farwell.ee\/toode\/kulmaalus-o-38cm\/"},"modified":"2026-03-26T09:30:04","modified_gmt":"2026-03-26T07:30:04","slug":"kulmaalus-o-38cm","status":"publish","type":"product","link":"https:\/\/farwell.ee\/ru\/product\/kulmaalus-o-38cm\/","title":{"rendered":"K\u00fclmaalus \u00d838cm rullkaanega"},"content":{"rendered":"","protected":false},"excerpt":{"rendered":"<p>5-osaline komplekt: 1 s\u00fcgav kandik + 1 madal kandik + 2 k\u00fclmapatareid + 1 rullkaas<\/p>","protected":false},"featured_media":36804,"template":"","meta":{"_acf_changed":false,"inline_featured_image":false},"product_brand":[],"product_cat":[141],"product_tag":[],"class_list":{"0":"post-8856","1":"product","2":"type-product","3":"status-publish","4":"has-post-thumbnail","6":"product_cat-kulmaplaadid","7":"pa_kaubamark-aps","9":"first","10":"instock","11":"shipping-taxable","12":"purchasable","13":"product-type-simple"},"acf":[],"_links":{"self":[{"href":"https:\/\/farwell.ee\/ru\/wp-json\/wp\/v2\/product\/8856","targetHints":{"allow":["GET"]}}],"collection":[{"href":"https:\/\/farwell.ee\/ru\/wp-json\/wp\/v2\/product"}],"about":[{"href":"https:\/\/farwell.ee\/ru\/wp-json\/wp\/v2\/types\/product"}],"wp:featuredmedia":[{"embeddable":true,"href":"https:\/\/farwell.ee\/ru\/wp-json\/wp\/v2\/media\/36804"}],"wp:attachment":[{"href":"https:\/\/farwell.ee\/ru\/wp-json\/wp\/v2\/media?parent=8856"}],"wp:term":[{"taxonomy":"product_brand","embeddable":true,"href":"https:\/\/farwell.ee\/ru\/wp-json\/wp\/v2\/product_brand?post=8856"},{"taxonomy":"product_cat","embeddable":true,"href":"https:\/\/farwell.ee\/ru\/wp-json\/wp\/v2\/product_cat?post=8856"},{"taxonomy":"product_tag","embeddable":true,"href":"https:\/\/farwell.ee\/ru\/wp-json\/wp\/v2\/product_tag?post=8856"}],"curies":[{"name":"wp","href":"https:\/\/api.w.org\/{rel}","templated":true}]}}