{"id":8720,"date":"2021-02-01T16:10:46","date_gmt":"2021-02-01T14:10:46","guid":{"rendered":"https:\/\/farwell.ee\/toode\/kandik-ovaalne-dekooraarega\/"},"modified":"2026-02-19T11:30:04","modified_gmt":"2026-02-19T09:30:04","slug":"kandik-ovaalne-dekooraarega","status":"publish","type":"product","link":"https:\/\/farwell.ee\/ru\/product\/kandik-ovaalne-dekooraarega\/","title":{"rendered":"Kandik 46x34cm ovaalne, dekoor\u00e4\u00e4rega"},"content":{"rendered":"","protected":false},"excerpt":{"rendered":"<p>Ei ole n\u00f5udepesumasinas pestav !\u00a0 Lubatud ainult k\u00e4sipesu !<br \/>\nHooldus: \u00e4ra kasuta kunagi abrasiivseid puhastusvahendeid, mis v\u00f5ivad vigastada pinnakatet !<br \/>\nPuhastus ja pesu ainult pehme lapi ja veega.<\/p>","protected":false},"featured_media":27499,"template":"","meta":{"_acf_changed":false,"inline_featured_image":false},"product_brand":[],"product_cat":[127],"product_tag":[],"class_list":{"0":"post-8720","1":"product","2":"type-product","3":"status-publish","4":"has-post-thumbnail","6":"product_cat-kandikud","7":"pa_kaubamark-aps","9":"first","10":"instock","11":"shipping-taxable","12":"purchasable","13":"product-type-simple"},"acf":[],"_links":{"self":[{"href":"https:\/\/farwell.ee\/ru\/wp-json\/wp\/v2\/product\/8720","targetHints":{"allow":["GET"]}}],"collection":[{"href":"https:\/\/farwell.ee\/ru\/wp-json\/wp\/v2\/product"}],"about":[{"href":"https:\/\/farwell.ee\/ru\/wp-json\/wp\/v2\/types\/product"}],"wp:featuredmedia":[{"embeddable":true,"href":"https:\/\/farwell.ee\/ru\/wp-json\/wp\/v2\/media\/27499"}],"wp:attachment":[{"href":"https:\/\/farwell.ee\/ru\/wp-json\/wp\/v2\/media?parent=8720"}],"wp:term":[{"taxonomy":"product_brand","embeddable":true,"href":"https:\/\/farwell.ee\/ru\/wp-json\/wp\/v2\/product_brand?post=8720"},{"taxonomy":"product_cat","embeddable":true,"href":"https:\/\/farwell.ee\/ru\/wp-json\/wp\/v2\/product_cat?post=8720"},{"taxonomy":"product_tag","embeddable":true,"href":"https:\/\/farwell.ee\/ru\/wp-json\/wp\/v2\/product_tag?post=8720"}],"curies":[{"name":"wp","href":"https:\/\/api.w.org\/{rel}","templated":true}]}}