{"id":8650,"date":"2021-02-01T16:10:22","date_gmt":"2021-02-01T14:10:22","guid":{"rendered":"https:\/\/farwell.ee\/toode\/soel-o-30cm\/"},"modified":"2026-04-15T17:30:05","modified_gmt":"2026-04-15T14:30:05","slug":"soel-o-30cm","status":"publish","type":"product","link":"https:\/\/farwell.ee\/ru\/product\/soel-o-30cm\/","title":{"rendered":"V\u00f5rks\u00f5el 30cm v\u00f5rgutoega"},"content":{"rendered":"","protected":false},"excerpt":{"rendered":"","protected":false},"featured_media":8649,"template":"","meta":{"_acf_changed":false,"inline_featured_image":false},"product_brand":[],"product_cat":[174],"product_tag":[6108,6112,6120,6164],"class_list":{"0":"post-8650","1":"product","2":"type-product","3":"status-publish","4":"has-post-thumbnail","6":"product_cat-soelad-ja-salatikuivatajad","7":"product_tag-hiina-kolander","8":"product_tag-kastmesoel","9":"product_tag-koonussoel","10":"product_tag-vorksoel","11":"pa_kaubamark-paderno","13":"first","14":"outofstock","15":"shipping-taxable","16":"purchasable","17":"product-type-simple"},"acf":[],"_links":{"self":[{"href":"https:\/\/farwell.ee\/ru\/wp-json\/wp\/v2\/product\/8650","targetHints":{"allow":["GET"]}}],"collection":[{"href":"https:\/\/farwell.ee\/ru\/wp-json\/wp\/v2\/product"}],"about":[{"href":"https:\/\/farwell.ee\/ru\/wp-json\/wp\/v2\/types\/product"}],"wp:featuredmedia":[{"embeddable":true,"href":"https:\/\/farwell.ee\/ru\/wp-json\/wp\/v2\/media\/8649"}],"wp:attachment":[{"href":"https:\/\/farwell.ee\/ru\/wp-json\/wp\/v2\/media?parent=8650"}],"wp:term":[{"taxonomy":"product_brand","embeddable":true,"href":"https:\/\/farwell.ee\/ru\/wp-json\/wp\/v2\/product_brand?post=8650"},{"taxonomy":"product_cat","embeddable":true,"href":"https:\/\/farwell.ee\/ru\/wp-json\/wp\/v2\/product_cat?post=8650"},{"taxonomy":"product_tag","embeddable":true,"href":"https:\/\/farwell.ee\/ru\/wp-json\/wp\/v2\/product_tag?post=8650"}],"curies":[{"name":"wp","href":"https:\/\/api.w.org\/{rel}","templated":true}]}}