{"id":8590,"date":"2021-02-01T16:10:03","date_gmt":"2021-02-01T14:10:03","guid":{"rendered":"https:\/\/farwell.ee\/toode\/pizzalabidas-o-37cm\/"},"modified":"2026-03-05T16:00:10","modified_gmt":"2026-03-05T14:00:10","slug":"pizzalabidas-o-37cm","status":"publish","type":"product","link":"https:\/\/farwell.ee\/ru\/product\/pizzalabidas-o-37cm\/","title":{"rendered":"Pitsalabidas \u00d8 370mm l\u00fchikese k\u00e4epidemega  Al\/plastik"},"content":{"rendered":"","protected":false},"excerpt":{"rendered":"","protected":false},"featured_media":8589,"template":"","meta":{"_acf_changed":false,"inline_featured_image":false},"product_brand":[],"product_cat":[154],"product_tag":[6392],"class_list":{"0":"post-8590","1":"product","2":"type-product","3":"status-publish","4":"has-post-thumbnail","6":"product_cat-pizzatarvikud","7":"product_tag-pitsa","8":"pa_kaubamark-paderno","10":"first","11":"instock","12":"shipping-taxable","13":"purchasable","14":"product-type-simple"},"acf":[],"_links":{"self":[{"href":"https:\/\/farwell.ee\/ru\/wp-json\/wp\/v2\/product\/8590","targetHints":{"allow":["GET"]}}],"collection":[{"href":"https:\/\/farwell.ee\/ru\/wp-json\/wp\/v2\/product"}],"about":[{"href":"https:\/\/farwell.ee\/ru\/wp-json\/wp\/v2\/types\/product"}],"wp:featuredmedia":[{"embeddable":true,"href":"https:\/\/farwell.ee\/ru\/wp-json\/wp\/v2\/media\/8589"}],"wp:attachment":[{"href":"https:\/\/farwell.ee\/ru\/wp-json\/wp\/v2\/media?parent=8590"}],"wp:term":[{"taxonomy":"product_brand","embeddable":true,"href":"https:\/\/farwell.ee\/ru\/wp-json\/wp\/v2\/product_brand?post=8590"},{"taxonomy":"product_cat","embeddable":true,"href":"https:\/\/farwell.ee\/ru\/wp-json\/wp\/v2\/product_cat?post=8590"},{"taxonomy":"product_tag","embeddable":true,"href":"https:\/\/farwell.ee\/ru\/wp-json\/wp\/v2\/product_tag?post=8590"}],"curies":[{"name":"wp","href":"https:\/\/api.w.org\/{rel}","templated":true}]}}