{"id":8372,"date":"2021-02-01T15:32:49","date_gmt":"2021-02-01T13:32:49","guid":{"rendered":"https:\/\/farwell.ee\/toode\/pizzapann-o-32cm\/"},"modified":"2026-03-13T14:30:04","modified_gmt":"2026-03-13T12:30:04","slug":"pizzapann-o-32cm","status":"publish","type":"product","link":"https:\/\/farwell.ee\/ru\/product\/pizzapann-o-32cm\/","title":{"rendered":"Pitsapann \u00d832cm terasest"},"content":{"rendered":"","protected":false},"excerpt":{"rendered":"<p>Valmistatud karastatud terasest (sinine teras), mis sobib suurep\u00e4raselt pannipitsa valmistamiseks.<br \/>\nKarastusprotsessi k\u00e4igus on teras osaliselt kaitstud rooste eest.<br \/>\nMasinpesu ei ole lubatud !<\/p>\n<p>Ettevalmistus kasutamiseks: kuumuta ahi 150\u00b0C-ni ja p\u00f5leta pitsapanni pinnalt tehaserasv ahjus, umbes 30 minutit.<br \/>\nLaske pannil jahtuda ja seej\u00e4rel on see kasutamiseks valmis.<\/p>\n<p>Me ei soovita terasest pitsapanne veega pesta, aga kui pead seda siiski tegema, siis kuivata pann p\u00e4rast hoolikalt ahjus, jahuta seej\u00e4rel ja m\u00e4\u00e4ri \u00f5huke kiht taime\u00f5li, et pann ei roostetaks.<br \/>\nKui pannile tekivad siiski roostet\u00e4pid v\u00f5i roostekiht, siis eemalda rooste n\u00e4iteks terasvillaga, pese pann hoolikalt, kuivata ja tee uus rasvap\u00f5letus ahjus.<\/p>","protected":false},"featured_media":8371,"template":"","meta":{"_acf_changed":false,"inline_featured_image":false},"product_brand":[],"product_cat":[5380,154],"product_tag":[6392],"class_list":{"0":"post-8372","1":"product","2":"type-product","3":"status-publish","4":"has-post-thumbnail","6":"product_cat-koogitarvikud-outlet","7":"product_cat-pizzatarvikud","8":"product_tag-pitsa","9":"pa_kaubamark-paderno","11":"first","12":"instock","13":"sale","14":"shipping-taxable","15":"purchasable","16":"product-type-simple"},"acf":[],"_links":{"self":[{"href":"https:\/\/farwell.ee\/ru\/wp-json\/wp\/v2\/product\/8372","targetHints":{"allow":["GET"]}}],"collection":[{"href":"https:\/\/farwell.ee\/ru\/wp-json\/wp\/v2\/product"}],"about":[{"href":"https:\/\/farwell.ee\/ru\/wp-json\/wp\/v2\/types\/product"}],"wp:featuredmedia":[{"embeddable":true,"href":"https:\/\/farwell.ee\/ru\/wp-json\/wp\/v2\/media\/8371"}],"wp:attachment":[{"href":"https:\/\/farwell.ee\/ru\/wp-json\/wp\/v2\/media?parent=8372"}],"wp:term":[{"taxonomy":"product_brand","embeddable":true,"href":"https:\/\/farwell.ee\/ru\/wp-json\/wp\/v2\/product_brand?post=8372"},{"taxonomy":"product_cat","embeddable":true,"href":"https:\/\/farwell.ee\/ru\/wp-json\/wp\/v2\/product_cat?post=8372"},{"taxonomy":"product_tag","embeddable":true,"href":"https:\/\/farwell.ee\/ru\/wp-json\/wp\/v2\/product_tag?post=8372"}],"curies":[{"name":"wp","href":"https:\/\/api.w.org\/{rel}","templated":true}]}}