{"id":8250,"date":"2021-02-01T15:32:18","date_gmt":"2021-02-01T13:32:18","guid":{"rendered":"https:\/\/farwell.ee\/toode\/soel-supile-o-14cm\/"},"modified":"2026-03-05T15:45:07","modified_gmt":"2026-03-05T13:45:07","slug":"soel-supile-o-14cm","status":"publish","type":"product","link":"https:\/\/farwell.ee\/ru\/product\/soel-supile-o-14cm\/","title":{"rendered":"V\u00f5rks\u00f5el 14cm koonus, tiheda v\u00f5rguga"},"content":{"rendered":"","protected":false},"excerpt":{"rendered":"<p>Koonuss\u00f5el tiheda v\u00f5rguga.<\/p>","protected":false},"featured_media":18188,"template":"","meta":{"_acf_changed":false,"inline_featured_image":false},"product_brand":[],"product_cat":[174],"product_tag":[6108,6112,6120,6164],"class_list":{"0":"post-8250","1":"product","2":"type-product","3":"status-publish","4":"has-post-thumbnail","6":"product_cat-soelad-ja-salatikuivatajad","7":"product_tag-hiina-kolander","8":"product_tag-kastmesoel","9":"product_tag-koonussoel","10":"product_tag-vorksoel","11":"pa_kaubamark-paderno","13":"first","14":"outofstock","15":"shipping-taxable","16":"purchasable","17":"product-type-simple"},"acf":[],"_links":{"self":[{"href":"https:\/\/farwell.ee\/ru\/wp-json\/wp\/v2\/product\/8250","targetHints":{"allow":["GET"]}}],"collection":[{"href":"https:\/\/farwell.ee\/ru\/wp-json\/wp\/v2\/product"}],"about":[{"href":"https:\/\/farwell.ee\/ru\/wp-json\/wp\/v2\/types\/product"}],"wp:featuredmedia":[{"embeddable":true,"href":"https:\/\/farwell.ee\/ru\/wp-json\/wp\/v2\/media\/18188"}],"wp:attachment":[{"href":"https:\/\/farwell.ee\/ru\/wp-json\/wp\/v2\/media?parent=8250"}],"wp:term":[{"taxonomy":"product_brand","embeddable":true,"href":"https:\/\/farwell.ee\/ru\/wp-json\/wp\/v2\/product_brand?post=8250"},{"taxonomy":"product_cat","embeddable":true,"href":"https:\/\/farwell.ee\/ru\/wp-json\/wp\/v2\/product_cat?post=8250"},{"taxonomy":"product_tag","embeddable":true,"href":"https:\/\/farwell.ee\/ru\/wp-json\/wp\/v2\/product_tag?post=8250"}],"curies":[{"name":"wp","href":"https:\/\/api.w.org\/{rel}","templated":true}]}}