{"id":39134,"date":"2026-05-13T10:00:05","date_gmt":"2026-05-13T07:00:05","guid":{"rendered":"https:\/\/farwell.ee\/toode\/termokapp-126l-eestalaetav-6-siiniga-60x40cm-pagariplaatidele\/"},"modified":"2026-05-13T10:12:38","modified_gmt":"2026-05-13T07:12:38","slug":"termokapp-126l-eestalaetav-6-siiniga-60x40cm-pagariplaatidele","status":"publish","type":"product","link":"https:\/\/farwell.ee\/ru\/product\/termokapp-126l-eestalaetav-6-siiniga-60x40cm-pagariplaatidele\/","title":{"rendered":"Termokapp 126L eestalaetav, 6-siiniga, 60x40cm pagariplaatidele"},"content":{"rendered":"","protected":false},"excerpt":{"rendered":"<p>EPP-vahtplastist.<br \/>\nV\u00e4lism\u00f5\u00f5dud 770x540x687mm.<br \/>\nSisem\u00f5\u00f5dud 615x410x585mm.<br \/>\n6 sisseehitatud monoliitset siini.<br \/>\nSiinide vahe 6 cm.<br \/>\nMahutavus: 6 pagariplaati m\u00f5\u00f5tudega 600x400mm.<br \/>\nMaterjali tihedus: 60 g\/l.<br \/>\nKaal 6,34 kg.<br \/>\nTemperatuuritaluvus -40\u00b0 kuni +100\u00b0 C.<br \/>\nN\u00f5udepesumasinas pestav.<br \/>\nHea soojusisolatsioon.<br \/>\nTaaskasutatav materjal.<br \/>\nUks avaneb 270\u02da.<br \/>\nSisseehitatud k\u00e4epidemed k\u00f5igil neljal k\u00fcljel tagavad mugava kandmise.<\/p>","protected":false},"featured_media":39130,"template":"","meta":{"_acf_changed":false,"inline_featured_image":false},"product_brand":[],"product_cat":[5554],"product_tag":[],"class_list":{"0":"post-39134","1":"product","2":"type-product","3":"status-publish","4":"has-post-thumbnail","6":"product_cat-termokastid-ja-termokapid","7":"pa_kaubamark-cambro","9":"first","10":"outofstock","11":"shipping-taxable","12":"purchasable","13":"product-type-simple"},"acf":[],"_links":{"self":[{"href":"https:\/\/farwell.ee\/ru\/wp-json\/wp\/v2\/product\/39134","targetHints":{"allow":["GET"]}}],"collection":[{"href":"https:\/\/farwell.ee\/ru\/wp-json\/wp\/v2\/product"}],"about":[{"href":"https:\/\/farwell.ee\/ru\/wp-json\/wp\/v2\/types\/product"}],"wp:featuredmedia":[{"embeddable":true,"href":"https:\/\/farwell.ee\/ru\/wp-json\/wp\/v2\/media\/39130"}],"wp:attachment":[{"href":"https:\/\/farwell.ee\/ru\/wp-json\/wp\/v2\/media?parent=39134"}],"wp:term":[{"taxonomy":"product_brand","embeddable":true,"href":"https:\/\/farwell.ee\/ru\/wp-json\/wp\/v2\/product_brand?post=39134"},{"taxonomy":"product_cat","embeddable":true,"href":"https:\/\/farwell.ee\/ru\/wp-json\/wp\/v2\/product_cat?post=39134"},{"taxonomy":"product_tag","embeddable":true,"href":"https:\/\/farwell.ee\/ru\/wp-json\/wp\/v2\/product_tag?post=39134"}],"curies":[{"name":"wp","href":"https:\/\/api.w.org\/{rel}","templated":true}]}}