{"id":39128,"date":"2026-05-13T09:30:04","date_gmt":"2026-05-13T06:30:04","guid":{"rendered":"https:\/\/farwell.ee\/toode\/soojaplaat-60x40cm-pagari-termokastidele-ja-termokappidele\/"},"modified":"2026-05-13T10:32:07","modified_gmt":"2026-05-13T07:32:07","slug":"soojaplaat-60x40cm-pagari-termokastidele-ja-termokappidele","status":"publish","type":"product","link":"https:\/\/farwell.ee\/ru\/product\/soojaplaat-60x40cm-pagari-termokastidele-ja-termokappidele\/","title":{"rendered":"Soojaplaat 60x40cm pagari termokastidele ja termokappidele"},"content":{"rendered":"","protected":false},"excerpt":{"rendered":"<p>Kui toiteallikat pole k\u00e4ep\u00e4rast, saate kuuma toitu h\u00f5lpsalt soojas hoida elektrita soojaplaatidega.<br \/>\nKuumutage seda lihtsalt maksimaalselt 30 minutit 85 \u00b0C juures ahjus v\u00f5i keevas vees maksimaalselt 35 minutit.<\/p>\n<p>Soojaplaadid sobivad ideaalselt kuuma toidu pikemaks transportimiseks pagariplaadi sisem\u00f5\u00f5tudega termokastides ja eestlaetavates termokappides.<\/p>\n<p>Sobib termokasti koodiga\u00a0 EPP4060T300110 ja termokappidesse EPP4060F6R110 , EPP4060F9R110 ja EPP4060FNR110.<\/p>","protected":false},"featured_media":39127,"template":"","meta":{"_acf_changed":false,"inline_featured_image":false},"product_brand":[],"product_cat":[5554],"product_tag":[],"class_list":{"0":"post-39128","1":"product","2":"type-product","3":"status-publish","4":"has-post-thumbnail","6":"product_cat-termokastid-ja-termokapid","7":"pa_kaubamark-thermo-future-box","9":"first","10":"outofstock","11":"shipping-taxable","12":"purchasable","13":"product-type-simple"},"acf":[],"_links":{"self":[{"href":"https:\/\/farwell.ee\/ru\/wp-json\/wp\/v2\/product\/39128","targetHints":{"allow":["GET"]}}],"collection":[{"href":"https:\/\/farwell.ee\/ru\/wp-json\/wp\/v2\/product"}],"about":[{"href":"https:\/\/farwell.ee\/ru\/wp-json\/wp\/v2\/types\/product"}],"wp:featuredmedia":[{"embeddable":true,"href":"https:\/\/farwell.ee\/ru\/wp-json\/wp\/v2\/media\/39127"}],"wp:attachment":[{"href":"https:\/\/farwell.ee\/ru\/wp-json\/wp\/v2\/media?parent=39128"}],"wp:term":[{"taxonomy":"product_brand","embeddable":true,"href":"https:\/\/farwell.ee\/ru\/wp-json\/wp\/v2\/product_brand?post=39128"},{"taxonomy":"product_cat","embeddable":true,"href":"https:\/\/farwell.ee\/ru\/wp-json\/wp\/v2\/product_cat?post=39128"},{"taxonomy":"product_tag","embeddable":true,"href":"https:\/\/farwell.ee\/ru\/wp-json\/wp\/v2\/product_tag?post=39128"}],"curies":[{"name":"wp","href":"https:\/\/api.w.org\/{rel}","templated":true}]}}