{"id":39116,"date":"2026-05-11T13:30:06","date_gmt":"2026-05-11T10:30:06","guid":{"rendered":"https:\/\/farwell.ee\/toode\/soogiriistade-hoidik-o-27cm-4-osaline-2\/"},"modified":"2026-05-11T13:30:06","modified_gmt":"2026-05-11T10:30:06","slug":"soogiriistade-hoidik-o-27cm-4-osaline-2","status":"publish","type":"product","link":"https:\/\/farwell.ee\/ru\/product\/soogiriistade-hoidik-o-27cm-4-osaline-2\/","title":{"rendered":"S\u00f6\u00f6giriistade hoidik \u00d8 27cm, 4-osaline"},"content":{"rendered":"","protected":false},"excerpt":{"rendered":"","protected":false},"featured_media":39114,"template":"","meta":{"_acf_changed":false,"inline_featured_image":false},"product_brand":[],"product_cat":[5379,145],"product_tag":[],"class_list":{"0":"post-39116","1":"product","2":"type-product","3":"status-publish","4":"has-post-thumbnail","6":"product_cat-buffet-ja-serveerimine-outlet","7":"product_cat-lisatarvikud","8":"pa_kaubamark-aps","10":"first","11":"instock","12":"sale","13":"shipping-taxable","14":"purchasable","15":"product-type-simple"},"acf":[],"_links":{"self":[{"href":"https:\/\/farwell.ee\/ru\/wp-json\/wp\/v2\/product\/39116","targetHints":{"allow":["GET"]}}],"collection":[{"href":"https:\/\/farwell.ee\/ru\/wp-json\/wp\/v2\/product"}],"about":[{"href":"https:\/\/farwell.ee\/ru\/wp-json\/wp\/v2\/types\/product"}],"wp:featuredmedia":[{"embeddable":true,"href":"https:\/\/farwell.ee\/ru\/wp-json\/wp\/v2\/media\/39114"}],"wp:attachment":[{"href":"https:\/\/farwell.ee\/ru\/wp-json\/wp\/v2\/media?parent=39116"}],"wp:term":[{"taxonomy":"product_brand","embeddable":true,"href":"https:\/\/farwell.ee\/ru\/wp-json\/wp\/v2\/product_brand?post=39116"},{"taxonomy":"product_cat","embeddable":true,"href":"https:\/\/farwell.ee\/ru\/wp-json\/wp\/v2\/product_cat?post=39116"},{"taxonomy":"product_tag","embeddable":true,"href":"https:\/\/farwell.ee\/ru\/wp-json\/wp\/v2\/product_tag?post=39116"}],"curies":[{"name":"wp","href":"https:\/\/api.w.org\/{rel}","templated":true}]}}