{"id":39063,"date":"2026-05-07T08:30:04","date_gmt":"2026-05-07T05:30:04","guid":{"rendered":"https:\/\/farwell.ee\/toode\/kandik-355x457cm-pruun-oliivipuu-tekstuuriga-sile-pind\/"},"modified":"2026-05-07T09:22:49","modified_gmt":"2026-05-07T06:22:49","slug":"kandik-355x457cm-pruun-oliivipuu-tekstuuriga-sile-pind","status":"publish","type":"product","link":"https:\/\/farwell.ee\/ru\/product\/kandik-355x457cm-pruun-oliivipuu-tekstuuriga-sile-pind\/","title":{"rendered":"Kandik 35,5&#215;45,7cm pruun oliivipuu, tekstuuriga sile pind"},"content":{"rendered":"","protected":false},"excerpt":{"rendered":"<p>Century puidus\u00fc\u00fc imitatsiooniga kandik \u00fchendab endas autentse puidus\u00fc\u00fc v\u00e4limuse ja p\u00fcsiva vastupidavuse.<br \/>\nIdeaalne kasutamiseks suure k\u00fclastatavusega restoranides, kus on moodne maal\u00e4hedane sisekujundus.<br \/>\nMustrid katavad kandikut servast servani ja \u00fclevalt alla, andes ehtsa puidu ilme ja tunde.<br \/>\nCentury puidus\u00fc\u00fcga kandik on valmistatud k\u00f5rgj\u00f5udlusega pol\u00fcestrist, mis on v\u00e4ga kulumiskindel ja kestab aastaid.<\/p>\n<p>\u2714 \u00dchendab autentse puidus\u00fc\u00fc v\u00e4limuse p\u00fcsiva vastupidavusega.<br \/>\n\u2714 Valmistatud k\u00f5rgj\u00f5udlusega pol\u00fcestrist.<br \/>\n\u2714 Ideaalne kasutamiseks suure k\u00fclastatavusega iseteenindusrestoranides, kohvikutes, hotellides, koolides, hoolekandeasutustes ja haiglates.<br \/>\n\u2714 Kerge, vastupidav ja h\u00fcgieeniline.<br \/>\n\u2714 Innovatiivne Century madala profiili ja madalate nurkadega disain suurendab ruumi kasutamist ja klientide mugavust s\u00f6\u00f6mise ajal.<\/p>\n<p>\u2022 Kriimustus-, kemikaali- ja purunemiskindel.<br \/>\n\u2022 Temperatuurikindlus -40 \u030a kuni 90 \u030aC.<br \/>\n\u2022 N\u00f5udepesumasinas pestav \u2013 peske nii tihti kui vaja.<br \/>\n\u2022 Virnastusklambrid hoiavad kandikud kindlalt paigal ja tagavad hea \u00f5huvoolu.<br \/>\n\u2022 Tugevdatud nurgad ja servad kaitsevad ja tugevdavad kandikut.<br \/>\n\u2022 5 aastane proportsionaalne garantii<\/p>\n<p>&nbsp;<\/p>\n<p>&nbsp;<\/p>","protected":false},"featured_media":39062,"template":"","meta":{"_acf_changed":false,"inline_featured_image":false},"product_brand":[],"product_cat":[127],"product_tag":[],"class_list":{"0":"post-39063","1":"product","2":"type-product","3":"status-publish","4":"has-post-thumbnail","6":"product_cat-kandikud","7":"pa_kaubamark-cambro","9":"first","10":"outofstock","11":"shipping-taxable","12":"purchasable","13":"product-type-simple"},"acf":[],"_links":{"self":[{"href":"https:\/\/farwell.ee\/ru\/wp-json\/wp\/v2\/product\/39063","targetHints":{"allow":["GET"]}}],"collection":[{"href":"https:\/\/farwell.ee\/ru\/wp-json\/wp\/v2\/product"}],"about":[{"href":"https:\/\/farwell.ee\/ru\/wp-json\/wp\/v2\/types\/product"}],"wp:featuredmedia":[{"embeddable":true,"href":"https:\/\/farwell.ee\/ru\/wp-json\/wp\/v2\/media\/39062"}],"wp:attachment":[{"href":"https:\/\/farwell.ee\/ru\/wp-json\/wp\/v2\/media?parent=39063"}],"wp:term":[{"taxonomy":"product_brand","embeddable":true,"href":"https:\/\/farwell.ee\/ru\/wp-json\/wp\/v2\/product_brand?post=39063"},{"taxonomy":"product_cat","embeddable":true,"href":"https:\/\/farwell.ee\/ru\/wp-json\/wp\/v2\/product_cat?post=39063"},{"taxonomy":"product_tag","embeddable":true,"href":"https:\/\/farwell.ee\/ru\/wp-json\/wp\/v2\/product_tag?post=39063"}],"curies":[{"name":"wp","href":"https:\/\/api.w.org\/{rel}","templated":true}]}}