{"id":39059,"date":"2026-05-07T08:15:07","date_gmt":"2026-05-07T05:15:07","guid":{"rendered":"https:\/\/farwell.ee\/toode\/kandik-36x46cm-tekstuurse-pinnaga-must-versa-pp\/"},"modified":"2026-05-07T09:23:37","modified_gmt":"2026-05-07T06:23:37","slug":"kandik-36x46cm-tekstuurse-pinnaga-must-versa-pp","status":"publish","type":"product","link":"https:\/\/farwell.ee\/ru\/product\/kandik-36x46cm-tekstuurse-pinnaga-must-versa-pp\/","title":{"rendered":"Kandik 36x46cm tekstuurse pinnaga, must Versa PP"},"content":{"rendered":"","protected":false},"excerpt":{"rendered":"<p>Versa tekstuurse puidus\u00fc\u00fc imitatsiooniga Century pol\u00fcprop\u00fcleenist kandik \u00fchendab endas naturaalse puidus\u00fc\u00fc sooja ja kutsuva esteetika k\u00f5rgj\u00f5udlusega pol\u00fcprop\u00fcleeniga.<br \/>\nIdeaalne kasutamiseks suuremahulistes toitlustusettev\u00f5tetes.<br \/>\nKulut\u00f5hus ja h\u00fcgieeniline lahendus ettev\u00f5tetele, mis vajavad esmaklassilist v\u00e4limust ning t\u00f6\u00f6kindlust.<\/p>\n<p>Temperatuurikindlus vahemikus -40 \u00b0C kuni +85 \u00b0C.<br \/>\nMadala profiiliga, kerge, vastupidav ja h\u00fcgieeniline.<br \/>\nKriimustus-, pleki-, kemikaali- ja purunemiskindel.<br \/>\n2-aastane proportsionaalne garantii.<br \/>\nN\u00f5udepesumasinas pestav.<br \/>\nBPA-vaba.<\/p>","protected":false},"featured_media":39058,"template":"","meta":{"_acf_changed":false,"inline_featured_image":false},"product_brand":[],"product_cat":[127],"product_tag":[],"class_list":{"0":"post-39059","1":"product","2":"type-product","3":"status-publish","4":"has-post-thumbnail","6":"product_cat-kandikud","7":"pa_kaubamark-cambro","9":"first","10":"outofstock","11":"shipping-taxable","12":"purchasable","13":"product-type-simple"},"acf":[],"_links":{"self":[{"href":"https:\/\/farwell.ee\/ru\/wp-json\/wp\/v2\/product\/39059","targetHints":{"allow":["GET"]}}],"collection":[{"href":"https:\/\/farwell.ee\/ru\/wp-json\/wp\/v2\/product"}],"about":[{"href":"https:\/\/farwell.ee\/ru\/wp-json\/wp\/v2\/types\/product"}],"wp:featuredmedia":[{"embeddable":true,"href":"https:\/\/farwell.ee\/ru\/wp-json\/wp\/v2\/media\/39058"}],"wp:attachment":[{"href":"https:\/\/farwell.ee\/ru\/wp-json\/wp\/v2\/media?parent=39059"}],"wp:term":[{"taxonomy":"product_brand","embeddable":true,"href":"https:\/\/farwell.ee\/ru\/wp-json\/wp\/v2\/product_brand?post=39059"},{"taxonomy":"product_cat","embeddable":true,"href":"https:\/\/farwell.ee\/ru\/wp-json\/wp\/v2\/product_cat?post=39059"},{"taxonomy":"product_tag","embeddable":true,"href":"https:\/\/farwell.ee\/ru\/wp-json\/wp\/v2\/product_tag?post=39059"}],"curies":[{"name":"wp","href":"https:\/\/api.w.org\/{rel}","templated":true}]}}