{"id":39021,"date":"2026-05-04T08:00:04","date_gmt":"2026-05-04T05:00:04","guid":{"rendered":"https:\/\/farwell.ee\/toode\/soogiriistade-kast-serveerimiskarudele-bc331kd-ja-bc340kd\/"},"modified":"2026-05-04T08:00:04","modified_gmt":"2026-05-04T05:00:04","slug":"soogiriistade-kast-serveerimiskarudele-bc331kd-ja-bc340kd","status":"publish","type":"product","link":"https:\/\/farwell.ee\/ru\/product\/soogiriistade-kast-serveerimiskarudele-bc331kd-ja-bc340kd\/","title":{"rendered":"S\u00f6\u00f6giriistade kast serveerimisk\u00e4rudele BC331KD ja BC340KD"},"content":{"rendered":"","protected":false},"excerpt":{"rendered":"","protected":false},"featured_media":39020,"template":"","meta":{"_acf_changed":false,"inline_featured_image":false},"product_brand":[],"product_cat":[6321],"product_tag":[],"class_list":{"0":"post-39021","1":"product","2":"type-product","3":"status-publish","4":"has-post-thumbnail","6":"product_cat-serveerimiskarud-ja-lauad","7":"pa_kaubamark-cambro","9":"first","10":"outofstock","11":"shipping-taxable","12":"purchasable","13":"product-type-simple"},"acf":[],"_links":{"self":[{"href":"https:\/\/farwell.ee\/ru\/wp-json\/wp\/v2\/product\/39021","targetHints":{"allow":["GET"]}}],"collection":[{"href":"https:\/\/farwell.ee\/ru\/wp-json\/wp\/v2\/product"}],"about":[{"href":"https:\/\/farwell.ee\/ru\/wp-json\/wp\/v2\/types\/product"}],"wp:featuredmedia":[{"embeddable":true,"href":"https:\/\/farwell.ee\/ru\/wp-json\/wp\/v2\/media\/39020"}],"wp:attachment":[{"href":"https:\/\/farwell.ee\/ru\/wp-json\/wp\/v2\/media?parent=39021"}],"wp:term":[{"taxonomy":"product_brand","embeddable":true,"href":"https:\/\/farwell.ee\/ru\/wp-json\/wp\/v2\/product_brand?post=39021"},{"taxonomy":"product_cat","embeddable":true,"href":"https:\/\/farwell.ee\/ru\/wp-json\/wp\/v2\/product_cat?post=39021"},{"taxonomy":"product_tag","embeddable":true,"href":"https:\/\/farwell.ee\/ru\/wp-json\/wp\/v2\/product_tag?post=39021"}],"curies":[{"name":"wp","href":"https:\/\/api.w.org\/{rel}","templated":true}]}}