{"id":38998,"date":"2026-04-30T10:30:04","date_gmt":"2026-04-30T07:30:04","guid":{"rendered":"https:\/\/farwell.ee\/toode\/mikrolaineahi-25l-manuaalne-valjundvoimsus-1000w\/"},"modified":"2026-04-30T12:30:06","modified_gmt":"2026-04-30T09:30:06","slug":"mikrolaineahi-25l-manuaalne-valjundvoimsus-1000w","status":"publish","type":"product","link":"https:\/\/farwell.ee\/ru\/product\/mikrolaineahi-25l-manuaalne-valjundvoimsus-1000w\/","title":{"rendered":"Mikrolaineahi 25L elektromehaaniline, v\u00e4ljundv\u00f5imsus 1000W"},"content":{"rendered":"","protected":false},"excerpt":{"rendered":"<div class=\"richContent-root-Ykt\">\n<div>\n<div>Roostevabast terasest korpus ja keraamilise p\u00f5hjaga kambri sisemus.<br \/>\nLihtsalt loetav juhtpaneel.<br \/>\nElektromehaaniline juhtimine \u00fche nupuga, mis reguleerib aega alates 15 sek. kuni 6 min.<br \/>\nMagnetroni madalam antenn p\u00f6\u00f6rleva v\u00f5lliga \u00fchtlase energiajaotuse tagamiseks ilma p\u00f6\u00f6rleva taldrikuta.<br \/>\nSisseehitatud \u00f5hufilter kaitseks v\u00e4liste m\u00f5jurite ja tolmu eest.<br \/>\nSuur klaasiga uks v\u00f5imaldab j\u00e4lgida valgustatud mikrolaineahju sisemuses toimuvaid protsesse.<br \/>\nLihe sulgemine; lihtne avamine &#8211; lukustusmehhanism puudub.<br \/>\nKambri sisemus: &#8211; m\u00f5\u00f5tmed 327x346x(H)200, mahutavus 25L, &#8211; lihtne puhtana hoida &#8211; sisestatavad taldrikud ei ole m\u00e4\u00e4ratletud t\u00e4nu kambri \u00f5rnalt \u00fcmaratele servadele &#8211; keraamiline p\u00f5hi. Multifunktsionaalne kasutamine: &#8211; 6 soovituslikku aega valitud roogade\/jookide valmistamiseks &#8211; kokkamisets\u00fckli l\u00f5ppu t\u00e4histav h\u00e4iresignaal &#8211; 4 v\u00f5imsusastet.<br \/>\nMikrolaineahju sisendv\u00f5imsus: 1550 W.<br \/>\nSobib k\u00f6\u00f6gin\u00f5udele, mille maksimaalne l\u00e4bim\u00f5\u00f5t on 320 mm ja ristk\u00fclikukujulistele n\u00f5udele n\u00f5udele.<br \/>\nMaksimaalne \u00fchekordne t\u00f6\u00f6aeg 6 minutit.<br \/>\nVarustatud maandatud kaabel koos maanduspistikuga.<\/div>\n<\/div>\n<\/div>\n<div class=\"richContent-root-Ykt\">\n<div>\n<div>Roostevabast terasest korpus ja keraamilise p\u00f5hjaga kambri sisemus.<br \/>\nLihtsalt loetav juhtpaneel.<br \/>\nElektromehaaniline juhtimine \u00fche nupuga, mis reguleerib aega alates 15 sek kuni 6 min.<br \/>\nMagnetroni madalam antenn p\u00f6\u00f6rleva v\u00f5lliga \u00fchtlase energiajaotuse tagamiseks ilma p\u00f6\u00f6rleva taldrikuta.<br \/>\nSisseehitatud \u00f5hufilter kaitseks v\u00e4liste m\u00f5jurite ja tolmu eest.<br \/>\nSuur klaasiga uks v\u00f5imaldab j\u00e4lgida valgustatud mikrolaineahju sisemuses toimuvaid protsesse.<br \/>\nLihe sulgemine; lihtne avamine &#8211; lukustusmehhanism puudub.<br \/>\nKambri sisemus: &#8211; m\u00f5\u00f5tmed 327x346x(H)200mm, mahutavus 23 L &#8211; lihtne puhtana hoida &#8211; sisestatavad taldrikud ei ole m\u00e4\u00e4ratletud t\u00e4nu kambri \u00f5rnalt \u00fcmaratele servadele &#8211; keraamiline p\u00f5hi. Multifunktsionaalne kasutamine: &#8211; 6 soovituslikku aega valitud roogade\/jookide valmistamiseks &#8211; kokkamisets\u00fckli l\u00f5ppu t\u00e4histav h\u00e4iresignaal &#8211; 4 v\u00f5imsusastet.<br \/>\nMikrolaineahju v\u00f5imsus: 1000 W.<br \/>\nSobib k\u00f6\u00f6gin\u00f5udele, mille maksimaalne l\u00e4bim\u00f5\u00f5t on 320 mm ja ristk\u00fclikukujulistele n\u00f5udele.<br \/>\nMaksimaalne \u00fchekordne t\u00f6\u00f6aeg 6 minutit.<br \/>\nVarustatud maandatud kaabel koos maanduspistikuga.<\/div>\n<\/div>\n<\/div>","protected":false},"featured_media":38997,"template":"","meta":{"_acf_changed":false,"inline_featured_image":false},"product_brand":[],"product_cat":[12115],"product_tag":[],"class_list":{"0":"post-38998","1":"product","2":"type-product","3":"status-publish","4":"has-post-thumbnail","6":"product_cat-mikrolaineahjud","7":"pa_kaubamark-hendi","9":"first","10":"outofstock","11":"shipping-taxable","12":"purchasable","13":"product-type-simple"},"acf":[],"_links":{"self":[{"href":"https:\/\/farwell.ee\/ru\/wp-json\/wp\/v2\/product\/38998","targetHints":{"allow":["GET"]}}],"collection":[{"href":"https:\/\/farwell.ee\/ru\/wp-json\/wp\/v2\/product"}],"about":[{"href":"https:\/\/farwell.ee\/ru\/wp-json\/wp\/v2\/types\/product"}],"wp:featuredmedia":[{"embeddable":true,"href":"https:\/\/farwell.ee\/ru\/wp-json\/wp\/v2\/media\/38997"}],"wp:attachment":[{"href":"https:\/\/farwell.ee\/ru\/wp-json\/wp\/v2\/media?parent=38998"}],"wp:term":[{"taxonomy":"product_brand","embeddable":true,"href":"https:\/\/farwell.ee\/ru\/wp-json\/wp\/v2\/product_brand?post=38998"},{"taxonomy":"product_cat","embeddable":true,"href":"https:\/\/farwell.ee\/ru\/wp-json\/wp\/v2\/product_cat?post=38998"},{"taxonomy":"product_tag","embeddable":true,"href":"https:\/\/farwell.ee\/ru\/wp-json\/wp\/v2\/product_tag?post=38998"}],"curies":[{"name":"wp","href":"https:\/\/api.w.org\/{rel}","templated":true}]}}