{"id":38871,"date":"2026-04-01T09:45:04","date_gmt":"2026-04-01T06:45:04","guid":{"rendered":"https:\/\/farwell.ee\/toode\/kastrul-49l-poolkorge-kaaneta-kitchen-line\/"},"modified":"2026-04-08T15:30:08","modified_gmt":"2026-04-08T12:30:08","slug":"kastrul-49l-poolkorge-kaaneta-kitchen-line","status":"publish","type":"product","link":"https:\/\/farwell.ee\/ru\/product\/kastrul-49l-poolkorge-kaaneta-kitchen-line\/","title":{"rendered":"Kastrul 4,9L poolk\u00f5rge, kaaneta Kitchen Line"},"content":{"rendered":"","protected":false},"excerpt":{"rendered":"<ul class=\"productBulletPointsStyles-bulletPoints-Lz_f\">\n<li class=\"productBulletPointsStyles-bulletPointElement-2dOc\">Valmistatud roostevabast terasest.<\/li>\n<li class=\"productBulletPointsStyles-bulletPointElement-2dOc\">Saab kasutada igat t\u00fc\u00fcpi pliitidel, sealhulgas induktsioonpliitidel.<\/li>\n<li class=\"productBulletPointsStyles-bulletPointElement-2dOc\">Kapseldatud mitmekihiline p\u00f5hi t\u00f5husaks soojuse jaotamiseks.<\/li>\n<li class=\"productBulletPointsStyles-bulletPointElement-2dOc\">N\u00f5udepesumasinas pestav.<\/li>\n<li>K\u00f5igil v\u00e4lispindadel satiinviimistlus.<\/li>\n<li>Mitmepunktilise keevitusega kinnitatud terask\u00e4epide j\u00e4\u00e4b puudutamiseks piisavalt jahedaks.<\/li>\n<li>Pikk, \u00fcmar, \u00f5\u00f5nes, mittekuumenev roostevabast terasest k\u00e4epide.<\/li>\n<\/ul>","protected":false},"featured_media":38870,"template":"","meta":{"_acf_changed":false,"inline_featured_image":false},"product_brand":[],"product_cat":[131],"product_tag":[],"class_list":{"0":"post-38871","1":"product","2":"type-product","3":"status-publish","4":"has-post-thumbnail","6":"product_cat-kastrulid-ja-kausid","7":"pa_kaubamark-hendi","9":"first","10":"outofstock","11":"shipping-taxable","12":"purchasable","13":"product-type-simple"},"acf":[],"_links":{"self":[{"href":"https:\/\/farwell.ee\/ru\/wp-json\/wp\/v2\/product\/38871","targetHints":{"allow":["GET"]}}],"collection":[{"href":"https:\/\/farwell.ee\/ru\/wp-json\/wp\/v2\/product"}],"about":[{"href":"https:\/\/farwell.ee\/ru\/wp-json\/wp\/v2\/types\/product"}],"wp:featuredmedia":[{"embeddable":true,"href":"https:\/\/farwell.ee\/ru\/wp-json\/wp\/v2\/media\/38870"}],"wp:attachment":[{"href":"https:\/\/farwell.ee\/ru\/wp-json\/wp\/v2\/media?parent=38871"}],"wp:term":[{"taxonomy":"product_brand","embeddable":true,"href":"https:\/\/farwell.ee\/ru\/wp-json\/wp\/v2\/product_brand?post=38871"},{"taxonomy":"product_cat","embeddable":true,"href":"https:\/\/farwell.ee\/ru\/wp-json\/wp\/v2\/product_cat?post=38871"},{"taxonomy":"product_tag","embeddable":true,"href":"https:\/\/farwell.ee\/ru\/wp-json\/wp\/v2\/product_tag?post=38871"}],"curies":[{"name":"wp","href":"https:\/\/api.w.org\/{rel}","templated":true}]}}