{"id":38825,"date":"2026-03-30T08:00:05","date_gmt":"2026-03-30T05:00:05","guid":{"rendered":"https:\/\/farwell.ee\/toode\/kaas-gn-1-1-kaepidemete-suvenditega\/"},"modified":"2026-03-30T09:20:14","modified_gmt":"2026-03-30T06:20:14","slug":"kaas-gn-1-1-kaepidemete-suvenditega","status":"publish","type":"product","link":"https:\/\/farwell.ee\/ru\/product\/kaas-gn-1-1-kaepidemete-suvenditega\/","title":{"rendered":"Kaas GN 1\/1 k\u00e4epidemete s\u00fcvenditega"},"content":{"rendered":"","protected":false},"excerpt":{"rendered":"<p>Sobilik GN-n\u00f5u on koodiga 803202.<\/p>","protected":false},"featured_media":38824,"template":"","meta":{"_acf_changed":false,"inline_featured_image":false},"product_brand":[],"product_cat":[164],"product_tag":[],"class_list":{"0":"post-38825","1":"product","2":"type-product","3":"status-publish","4":"has-post-thumbnail","6":"product_cat-roostevaba-teras","7":"pa_kaubamark-hendi","9":"first","10":"outofstock","11":"shipping-taxable","12":"purchasable","13":"product-type-simple"},"acf":[],"_links":{"self":[{"href":"https:\/\/farwell.ee\/ru\/wp-json\/wp\/v2\/product\/38825","targetHints":{"allow":["GET"]}}],"collection":[{"href":"https:\/\/farwell.ee\/ru\/wp-json\/wp\/v2\/product"}],"about":[{"href":"https:\/\/farwell.ee\/ru\/wp-json\/wp\/v2\/types\/product"}],"wp:featuredmedia":[{"embeddable":true,"href":"https:\/\/farwell.ee\/ru\/wp-json\/wp\/v2\/media\/38824"}],"wp:attachment":[{"href":"https:\/\/farwell.ee\/ru\/wp-json\/wp\/v2\/media?parent=38825"}],"wp:term":[{"taxonomy":"product_brand","embeddable":true,"href":"https:\/\/farwell.ee\/ru\/wp-json\/wp\/v2\/product_brand?post=38825"},{"taxonomy":"product_cat","embeddable":true,"href":"https:\/\/farwell.ee\/ru\/wp-json\/wp\/v2\/product_cat?post=38825"},{"taxonomy":"product_tag","embeddable":true,"href":"https:\/\/farwell.ee\/ru\/wp-json\/wp\/v2\/product_tag?post=38825"}],"curies":[{"name":"wp","href":"https:\/\/api.w.org\/{rel}","templated":true}]}}