{"id":38720,"date":"2026-03-18T13:45:04","date_gmt":"2026-03-18T11:45:04","guid":{"rendered":"https:\/\/farwell.ee\/toode\/tsirkulaator-e-sous-vide-40l-softcooker-xp\/"},"modified":"2026-03-18T14:00:04","modified_gmt":"2026-03-18T12:00:04","slug":"tsirkulaator-e-sous-vide-40l-softcooker-xp","status":"publish","type":"product","link":"https:\/\/farwell.ee\/ru\/product\/tsirkulaator-e-sous-vide-40l-softcooker-xp\/","title":{"rendered":"Tsirkulaator e. Sous Vide 50L Softcooker XP"},"content":{"rendered":"","protected":false},"excerpt":{"rendered":"<p>V\u00f5imsus 2000W.<br \/>\nIdeaalne kuni 50 liitri vee jaoks.<br \/>\nT\u00e4pne soojendi temperatuuri reguleerimisega.<br \/>\nT\u00f6\u00f6temperatuuri n\u00e4idik.<br \/>\n25 salvestatavat programmi.<br \/>\nIP X3 kaitseklassiga roostevabast terasest konstruktsioon.<br \/>\nKinnitub klambri abil. (maksimaalne s\u00fcgavus 16,5 cm).<br \/>\nKaitseseade l\u00fclitab soojendi v\u00e4lja, kui seda kogemata vedelikust v\u00e4ljaspool kasutatakse.<br \/>\nTsirkulatsioonipump parima toote segamise tagamiseks.<br \/>\nTemperatuuriandur \u00fclekoormuse ja \u00fclekuumenemise v\u00e4ltimiseks.<\/p>","protected":false},"featured_media":38719,"template":"","meta":{"_acf_changed":false,"inline_featured_image":false},"product_brand":[],"product_cat":[5667],"product_tag":[],"class_list":{"0":"post-38720","1":"product","2":"type-product","3":"status-publish","4":"has-post-thumbnail","6":"product_cat-sous-vide-tsirkulaatorid","7":"pa_kaubamark-sirman","9":"first","10":"instock","11":"shipping-taxable","12":"purchasable","13":"product-type-simple"},"acf":[],"_links":{"self":[{"href":"https:\/\/farwell.ee\/ru\/wp-json\/wp\/v2\/product\/38720","targetHints":{"allow":["GET"]}}],"collection":[{"href":"https:\/\/farwell.ee\/ru\/wp-json\/wp\/v2\/product"}],"about":[{"href":"https:\/\/farwell.ee\/ru\/wp-json\/wp\/v2\/types\/product"}],"wp:featuredmedia":[{"embeddable":true,"href":"https:\/\/farwell.ee\/ru\/wp-json\/wp\/v2\/media\/38719"}],"wp:attachment":[{"href":"https:\/\/farwell.ee\/ru\/wp-json\/wp\/v2\/media?parent=38720"}],"wp:term":[{"taxonomy":"product_brand","embeddable":true,"href":"https:\/\/farwell.ee\/ru\/wp-json\/wp\/v2\/product_brand?post=38720"},{"taxonomy":"product_cat","embeddable":true,"href":"https:\/\/farwell.ee\/ru\/wp-json\/wp\/v2\/product_cat?post=38720"},{"taxonomy":"product_tag","embeddable":true,"href":"https:\/\/farwell.ee\/ru\/wp-json\/wp\/v2\/product_tag?post=38720"}],"curies":[{"name":"wp","href":"https:\/\/api.w.org\/{rel}","templated":true}]}}