{"id":38567,"date":"2026-03-05T14:15:04","date_gmt":"2026-03-05T12:15:04","guid":{"rendered":"https:\/\/farwell.ee\/toode\/kauss-1l-ladustatav-labimoot-192mm-v591\/"},"modified":"2026-03-20T12:00:04","modified_gmt":"2026-03-20T10:00:04","slug":"kauss-1l-ladustatav-labimoot-192mm-v591","status":"publish","type":"product","link":"https:\/\/farwell.ee\/ru\/product\/kauss-1l-ladustatav-labimoot-192mm-v591\/","title":{"rendered":"Kauss 1L ladustatav, l\u00e4bim\u00f5\u00f5t 192mm Varionorm V591"},"content":{"rendered":"","protected":false},"excerpt":{"rendered":"","protected":false},"featured_media":38568,"template":"","meta":{"_acf_changed":false,"inline_featured_image":false},"product_brand":[],"product_cat":[132],"product_tag":[],"class_list":{"0":"post-38567","1":"product","2":"type-product","3":"status-publish","4":"has-post-thumbnail","6":"product_cat-kausid","7":"pa_kaubamark-seltmann","9":"first","10":"outofstock","11":"shipping-taxable","12":"purchasable","13":"product-type-simple"},"acf":[],"_links":{"self":[{"href":"https:\/\/farwell.ee\/ru\/wp-json\/wp\/v2\/product\/38567","targetHints":{"allow":["GET"]}}],"collection":[{"href":"https:\/\/farwell.ee\/ru\/wp-json\/wp\/v2\/product"}],"about":[{"href":"https:\/\/farwell.ee\/ru\/wp-json\/wp\/v2\/types\/product"}],"wp:featuredmedia":[{"embeddable":true,"href":"https:\/\/farwell.ee\/ru\/wp-json\/wp\/v2\/media\/38568"}],"wp:attachment":[{"href":"https:\/\/farwell.ee\/ru\/wp-json\/wp\/v2\/media?parent=38567"}],"wp:term":[{"taxonomy":"product_brand","embeddable":true,"href":"https:\/\/farwell.ee\/ru\/wp-json\/wp\/v2\/product_brand?post=38567"},{"taxonomy":"product_cat","embeddable":true,"href":"https:\/\/farwell.ee\/ru\/wp-json\/wp\/v2\/product_cat?post=38567"},{"taxonomy":"product_tag","embeddable":true,"href":"https:\/\/farwell.ee\/ru\/wp-json\/wp\/v2\/product_tag?post=38567"}],"curies":[{"name":"wp","href":"https:\/\/api.w.org\/{rel}","templated":true}]}}