{"id":38276,"date":"2026-02-17T11:15:04","date_gmt":"2026-02-17T09:15:04","guid":{"rendered":"https:\/\/farwell.ee\/toode\/gn-2-4-plaat-4-auguga-o105cm\/"},"modified":"2026-03-11T19:00:04","modified_gmt":"2026-03-11T17:00:04","slug":"gn-2-4-plaat-4-auguga-o105cm","status":"publish","type":"product","link":"https:\/\/farwell.ee\/ru\/product\/gn-2-4-plaat-4-auguga-o105cm\/","title":{"rendered":"GN 2\/4 plaat 4-auguga \u00d810,5cm"},"content":{"rendered":"","protected":false},"excerpt":{"rendered":"<p>Karahvinide v\u00e4ljapanekuks hommikus\u00f6\u00f6gi lauas.<br \/>\n4-auguga kiltkivi plaat asetatakse puidust kastile.<br \/>\nSobilik puidust kast on koodiga 14109.<br \/>\nSobilik karahvin on koodiga 10735.<\/p>","protected":false},"featured_media":38278,"template":"","meta":{"_acf_changed":false,"inline_featured_image":false},"product_brand":[],"product_cat":[166],"product_tag":[],"class_list":{"0":"post-38276","1":"product","2":"type-product","3":"status-publish","4":"has-post-thumbnail","6":"product_cat-serveerimisalused-ja-kausid","7":"pa_kaubamark-aps","9":"first","10":"outofstock","11":"shipping-taxable","12":"purchasable","13":"product-type-simple"},"acf":[],"_links":{"self":[{"href":"https:\/\/farwell.ee\/ru\/wp-json\/wp\/v2\/product\/38276","targetHints":{"allow":["GET"]}}],"collection":[{"href":"https:\/\/farwell.ee\/ru\/wp-json\/wp\/v2\/product"}],"about":[{"href":"https:\/\/farwell.ee\/ru\/wp-json\/wp\/v2\/types\/product"}],"wp:featuredmedia":[{"embeddable":true,"href":"https:\/\/farwell.ee\/ru\/wp-json\/wp\/v2\/media\/38278"}],"wp:attachment":[{"href":"https:\/\/farwell.ee\/ru\/wp-json\/wp\/v2\/media?parent=38276"}],"wp:term":[{"taxonomy":"product_brand","embeddable":true,"href":"https:\/\/farwell.ee\/ru\/wp-json\/wp\/v2\/product_brand?post=38276"},{"taxonomy":"product_cat","embeddable":true,"href":"https:\/\/farwell.ee\/ru\/wp-json\/wp\/v2\/product_cat?post=38276"},{"taxonomy":"product_tag","embeddable":true,"href":"https:\/\/farwell.ee\/ru\/wp-json\/wp\/v2\/product_tag?post=38276"}],"curies":[{"name":"wp","href":"https:\/\/api.w.org\/{rel}","templated":true}]}}