{"id":38110,"date":"2026-02-09T10:39:11","date_gmt":"2026-02-09T08:39:11","guid":{"rendered":"https:\/\/farwell.ee\/toode\/nugade-teritaja-elektriline-3-etapiline-20-teritusnurk-professional\/"},"modified":"2026-04-13T10:45:05","modified_gmt":"2026-04-13T07:45:05","slug":"nugade-teritaja-elektriline-3-etapiline-20-teritusnurk-professional","status":"publish","type":"product","link":"https:\/\/farwell.ee\/ru\/product\/nugade-teritaja-elektriline-3-etapiline-20-teritusnurk-professional\/","title":{"rendered":"Nugade teritaja elektriline, 3-etapiline, 20\u00b0 teritusnurk Professional"},"content":{"rendered":"","protected":false},"excerpt":{"rendered":"<p>Chef&#8217;Choice C2100 on professionaalne noateritaja, mis on spetsiaalselt loodud profik\u00f6\u00f6kidele ja toitlustussektorile.<br \/>\nSee ergonoomiline teritaja pakub kiiret kolmeastmelist terituss\u00fcsteemi ja teravat tulemust.<br \/>\nSee teritab tera kuju kergelt kaardus tipu suunas. Tulemuseks on tugev ja vastupidav serv, mis s\u00e4ilitab oma teravuse h\u00e4sti.<\/p>\n<p>Teritusastmeid on kolm.<br \/>\nKaasasoleva teritusmooduliga teritatakse nuga igas etapis 20-kraadise nurga all.<br \/>\n1. etapis kasutab C2100 j\u00e4medat teemantkattega metallketast.<br \/>\n2. etapis kasutatakse peent teemantkattega ketast.<br \/>\n3. etapp on viimistlusteritus, et saavutada \u00fclim teravus ja ebatasasusteta viimistlus.<\/p>\n<p>Painduvad vedrud tagavad nurga p\u00fcsimise.<br \/>\nSelle teritajaga teritamine tagab minimaalse materjali eemaldamise. Nii s\u00e4ilib teie nugade j\u00e4tkusuutlikkus ja kvaliteet.<\/p>\n<p>Kuidas puhastada Chef&#8217;sChoice 2100 ?:<br \/>\nTeritusmoodulit saab h\u00f5lpsalt eemaldada ja k\u00e4sitsi v\u00f5i n\u00f5udepesumasinas puhastada.<br \/>\nLisaks teritusmooduli puhastamisele peate t\u00fchjendama ka teritusmooduli all oleva hoiukonteineri.<br \/>\nSee konteiner kogub kogu metalli, mille noa teritamisel eemaldate.<\/p>","protected":false},"featured_media":38115,"template":"","meta":{"_acf_changed":false,"inline_featured_image":false},"product_brand":[],"product_cat":[140],"product_tag":[],"class_list":{"0":"post-38110","1":"product","2":"type-product","3":"status-publish","4":"has-post-thumbnail","6":"product_cat-kooginoad","7":"pa_kaubamark-chefs-choise-3","9":"first","10":"instock","11":"shipping-taxable","12":"purchasable","13":"product-type-simple"},"acf":[],"_links":{"self":[{"href":"https:\/\/farwell.ee\/ru\/wp-json\/wp\/v2\/product\/38110","targetHints":{"allow":["GET"]}}],"collection":[{"href":"https:\/\/farwell.ee\/ru\/wp-json\/wp\/v2\/product"}],"about":[{"href":"https:\/\/farwell.ee\/ru\/wp-json\/wp\/v2\/types\/product"}],"wp:featuredmedia":[{"embeddable":true,"href":"https:\/\/farwell.ee\/ru\/wp-json\/wp\/v2\/media\/38115"}],"wp:attachment":[{"href":"https:\/\/farwell.ee\/ru\/wp-json\/wp\/v2\/media?parent=38110"}],"wp:term":[{"taxonomy":"product_brand","embeddable":true,"href":"https:\/\/farwell.ee\/ru\/wp-json\/wp\/v2\/product_brand?post=38110"},{"taxonomy":"product_cat","embeddable":true,"href":"https:\/\/farwell.ee\/ru\/wp-json\/wp\/v2\/product_cat?post=38110"},{"taxonomy":"product_tag","embeddable":true,"href":"https:\/\/farwell.ee\/ru\/wp-json\/wp\/v2\/product_tag?post=38110"}],"curies":[{"name":"wp","href":"https:\/\/api.w.org\/{rel}","templated":true}]}}