{"id":37928,"date":"2026-01-26T12:30:03","date_gmt":"2026-01-26T10:30:03","guid":{"rendered":"https:\/\/farwell.ee\/toode\/serveerimissahtel-puidust-leivaloikelauaga-3-osaline\/"},"modified":"2026-02-04T12:30:04","modified_gmt":"2026-02-04T10:30:04","slug":"serveerimissahtel-puidust-leivaloikelauaga-3-osaline","status":"publish","type":"product","link":"https:\/\/farwell.ee\/ru\/product\/serveerimissahtel-puidust-leivaloikelauaga-3-osaline\/","title":{"rendered":"Serveerimissahtel puidust leival\u00f5ikelauaga, 3-osaline"},"content":{"rendered":"","protected":false},"excerpt":{"rendered":"<p>Serveerimiskomplekt l\u00f5ikelauaga saia- ja leivatoodetele.<\/p>\n<p>Komplektis sisaldub:<br \/>\n&#8211; metallist raam<br \/>\n&#8211; akr\u00fc\u00fclplastikust sahtel, k\u00e4epidemega<br \/>\n&#8211; \u00f5litatud p\u00e4hklipuidust leival\u00f5ikelaud<\/p>\n<p>&nbsp;<\/p>","protected":false},"featured_media":37927,"template":"","meta":{"_acf_changed":false,"inline_featured_image":false},"product_brand":[],"product_cat":[5379,166],"product_tag":[],"class_list":{"0":"post-37928","1":"product","2":"type-product","3":"status-publish","4":"has-post-thumbnail","6":"product_cat-buffet-ja-serveerimine-outlet","7":"product_cat-serveerimisalused-ja-kausid","8":"pa_kaubamark-aps","10":"first","11":"instock","12":"sale","13":"shipping-taxable","14":"purchasable","15":"product-type-simple"},"acf":[],"_links":{"self":[{"href":"https:\/\/farwell.ee\/ru\/wp-json\/wp\/v2\/product\/37928","targetHints":{"allow":["GET"]}}],"collection":[{"href":"https:\/\/farwell.ee\/ru\/wp-json\/wp\/v2\/product"}],"about":[{"href":"https:\/\/farwell.ee\/ru\/wp-json\/wp\/v2\/types\/product"}],"wp:featuredmedia":[{"embeddable":true,"href":"https:\/\/farwell.ee\/ru\/wp-json\/wp\/v2\/media\/37927"}],"wp:attachment":[{"href":"https:\/\/farwell.ee\/ru\/wp-json\/wp\/v2\/media?parent=37928"}],"wp:term":[{"taxonomy":"product_brand","embeddable":true,"href":"https:\/\/farwell.ee\/ru\/wp-json\/wp\/v2\/product_brand?post=37928"},{"taxonomy":"product_cat","embeddable":true,"href":"https:\/\/farwell.ee\/ru\/wp-json\/wp\/v2\/product_cat?post=37928"},{"taxonomy":"product_tag","embeddable":true,"href":"https:\/\/farwell.ee\/ru\/wp-json\/wp\/v2\/product_tag?post=37928"}],"curies":[{"name":"wp","href":"https:\/\/api.w.org\/{rel}","templated":true}]}}