{"id":37735,"date":"2026-01-14T08:00:04","date_gmt":"2026-01-14T06:00:04","guid":{"rendered":"https:\/\/farwell.ee\/toode\/tartaletivorm-355x27cm-mittenakkuva-kattega-12tk-plaadil-uhe-vormi-labm-65cm-korgus-25cm\/"},"modified":"2026-03-05T16:00:12","modified_gmt":"2026-03-05T14:00:12","slug":"tartaletivorm-355x27cm-mittenakkuva-kattega-12tk-plaadil-uhe-vormi-labm-65cm-korgus-25cm","status":"publish","type":"product","link":"https:\/\/farwell.ee\/ru\/product\/tartaletivorm-355x27cm-mittenakkuva-kattega-12tk-plaadil-uhe-vormi-labm-65cm-korgus-25cm\/","title":{"rendered":"Tartaletivorm 35,5x27cm mittenakkuva kattega 12tk.plaadil, \u00fche vormi l\u00e4bm.6,5cm, k\u00f5rgus 2,5cm"},"content":{"rendered":"","protected":false},"excerpt":{"rendered":"","protected":false},"featured_media":37734,"template":"","meta":{"_acf_changed":false,"inline_featured_image":false},"product_brand":[],"product_cat":[136],"product_tag":[],"class_list":{"0":"post-37735","1":"product","2":"type-product","3":"status-publish","4":"has-post-thumbnail","6":"product_cat-koogivormid-ja-rongad","7":"pa_kaubamark-paderno","9":"first","10":"instock","11":"shipping-taxable","12":"purchasable","13":"product-type-simple"},"acf":[],"_links":{"self":[{"href":"https:\/\/farwell.ee\/ru\/wp-json\/wp\/v2\/product\/37735","targetHints":{"allow":["GET"]}}],"collection":[{"href":"https:\/\/farwell.ee\/ru\/wp-json\/wp\/v2\/product"}],"about":[{"href":"https:\/\/farwell.ee\/ru\/wp-json\/wp\/v2\/types\/product"}],"wp:featuredmedia":[{"embeddable":true,"href":"https:\/\/farwell.ee\/ru\/wp-json\/wp\/v2\/media\/37734"}],"wp:attachment":[{"href":"https:\/\/farwell.ee\/ru\/wp-json\/wp\/v2\/media?parent=37735"}],"wp:term":[{"taxonomy":"product_brand","embeddable":true,"href":"https:\/\/farwell.ee\/ru\/wp-json\/wp\/v2\/product_brand?post=37735"},{"taxonomy":"product_cat","embeddable":true,"href":"https:\/\/farwell.ee\/ru\/wp-json\/wp\/v2\/product_cat?post=37735"},{"taxonomy":"product_tag","embeddable":true,"href":"https:\/\/farwell.ee\/ru\/wp-json\/wp\/v2\/product_tag?post=37735"}],"curies":[{"name":"wp","href":"https:\/\/api.w.org\/{rel}","templated":true}]}}