{"id":37449,"date":"2025-12-18T10:15:04","date_gmt":"2025-12-18T08:15:04","guid":{"rendered":"https:\/\/farwell.ee\/toode\/sulatuskastrul-kahe-tilaga-ja-kaepidemega\/"},"modified":"2026-01-07T16:15:04","modified_gmt":"2026-01-07T14:15:04","slug":"sulatuskastrul-kahe-tilaga-ja-kaepidemega","status":"publish","type":"product","link":"https:\/\/farwell.ee\/ru\/product\/sulatuskastrul-kahe-tilaga-ja-kaepidemega\/","title":{"rendered":"Sulatuskastrul kahe tilaga ja k\u00e4epidemega"},"content":{"rendered":"","protected":false},"excerpt":{"rendered":"<p>Kastrul \u0161okolaadi sulatamiseks v\u00f5i kastmete valmistamiseks kahe valamisavaga.<br \/>\nSisel\u00e4bim\u00f5\u00f5t 11 cm, k\u00f5rgus 6 cm.<br \/>\nSulatuskastrul kuumeneb vesivannil \u00fchtlaselt ja \u0161okolaad v\u00f5i kastmed ei l\u00e4he k\u00f5rbema.<br \/>\nSobib \u0161okolaadi ja v\u00f5i sulatamiseks, kastmete ja soolaste munaroogade valmistamiseks.<br \/>\nLame p\u00f5hi on spetsiaalselt loodud ohutuks paigutamiseks lauale v\u00f5i t\u00f6\u00f6pinnale.<br \/>\nOlenemata sellest, kas olete vasaku- v\u00f5i paremak\u00e4eline, v\u00f5imaldavad kaks \u00e4\u00e4rel olevat tila teil vedelat koostisosa m\u00f5lemale poole sihip\u00e4raselt valada.<\/p>","protected":false},"featured_media":37450,"template":"","meta":{"_acf_changed":false,"inline_featured_image":false},"product_brand":[],"product_cat":[178],"product_tag":[],"class_list":{"0":"post-37449","1":"product","2":"type-product","3":"status-publish","4":"has-post-thumbnail","6":"product_cat-tarvikud","7":"pa_kaubamark-westmark","9":"first","10":"instock","11":"shipping-taxable","12":"purchasable","13":"product-type-simple"},"acf":[],"_links":{"self":[{"href":"https:\/\/farwell.ee\/ru\/wp-json\/wp\/v2\/product\/37449","targetHints":{"allow":["GET"]}}],"collection":[{"href":"https:\/\/farwell.ee\/ru\/wp-json\/wp\/v2\/product"}],"about":[{"href":"https:\/\/farwell.ee\/ru\/wp-json\/wp\/v2\/types\/product"}],"wp:featuredmedia":[{"embeddable":true,"href":"https:\/\/farwell.ee\/ru\/wp-json\/wp\/v2\/media\/37450"}],"wp:attachment":[{"href":"https:\/\/farwell.ee\/ru\/wp-json\/wp\/v2\/media?parent=37449"}],"wp:term":[{"taxonomy":"product_brand","embeddable":true,"href":"https:\/\/farwell.ee\/ru\/wp-json\/wp\/v2\/product_brand?post=37449"},{"taxonomy":"product_cat","embeddable":true,"href":"https:\/\/farwell.ee\/ru\/wp-json\/wp\/v2\/product_cat?post=37449"},{"taxonomy":"product_tag","embeddable":true,"href":"https:\/\/farwell.ee\/ru\/wp-json\/wp\/v2\/product_tag?post=37449"}],"curies":[{"name":"wp","href":"https:\/\/api.w.org\/{rel}","templated":true}]}}