{"id":37431,"date":"2025-12-17T11:30:04","date_gmt":"2025-12-17T09:30:04","guid":{"rendered":"https:\/\/farwell.ee\/toode\/serveerimiskaru-3-tasapinnaga-tasapinna-moodud-842x486cm\/"},"modified":"2026-03-24T13:45:03","modified_gmt":"2026-03-24T11:45:03","slug":"serveerimiskaru-3-tasapinnaga-tasapinna-moodud-842x486cm","status":"publish","type":"product","link":"https:\/\/farwell.ee\/ru\/product\/serveerimiskaru-3-tasapinnaga-tasapinna-moodud-842x486cm\/","title":{"rendered":"Serveerimisk\u00e4ru 3-tasapinnaga, tasapinna m\u00f5\u00f5dud 84,2&#215;48,6cm"},"content":{"rendered":"","protected":false},"excerpt":{"rendered":"<p>Tasapindade vahekaugus 30,8cm.<br \/>\nMaksimaalne koormus tasapinna kohta (\u00fchtlaselt jaotatud) on 50kg.<br \/>\nVarustatud 4 p\u00f6\u00f6rleva rattaga, millest 2 on piduritega.<br \/>\n\u00dcmarad nurgad.<br \/>\nKokkupandav.<\/p>","protected":false},"featured_media":37430,"template":"","meta":{"_acf_changed":false,"inline_featured_image":false},"product_brand":[],"product_cat":[6321],"product_tag":[12665],"class_list":{"0":"post-37431","1":"product","2":"type-product","3":"status-publish","4":"has-post-thumbnail","6":"product_cat-serveerimiskarud-ja-lauad","7":"product_tag-teeninduskaru","8":"pa_kaubamark-hendi","10":"first","11":"outofstock","12":"shipping-taxable","13":"purchasable","14":"product-type-simple"},"acf":[],"_links":{"self":[{"href":"https:\/\/farwell.ee\/ru\/wp-json\/wp\/v2\/product\/37431","targetHints":{"allow":["GET"]}}],"collection":[{"href":"https:\/\/farwell.ee\/ru\/wp-json\/wp\/v2\/product"}],"about":[{"href":"https:\/\/farwell.ee\/ru\/wp-json\/wp\/v2\/types\/product"}],"wp:featuredmedia":[{"embeddable":true,"href":"https:\/\/farwell.ee\/ru\/wp-json\/wp\/v2\/media\/37430"}],"wp:attachment":[{"href":"https:\/\/farwell.ee\/ru\/wp-json\/wp\/v2\/media?parent=37431"}],"wp:term":[{"taxonomy":"product_brand","embeddable":true,"href":"https:\/\/farwell.ee\/ru\/wp-json\/wp\/v2\/product_brand?post=37431"},{"taxonomy":"product_cat","embeddable":true,"href":"https:\/\/farwell.ee\/ru\/wp-json\/wp\/v2\/product_cat?post=37431"},{"taxonomy":"product_tag","embeddable":true,"href":"https:\/\/farwell.ee\/ru\/wp-json\/wp\/v2\/product_tag?post=37431"}],"curies":[{"name":"wp","href":"https:\/\/api.w.org\/{rel}","templated":true}]}}