{"id":37344,"date":"2025-12-12T09:45:04","date_gmt":"2025-12-12T07:45:04","guid":{"rendered":"https:\/\/farwell.ee\/toode\/pann-26cm-kaaneta-al-non-stick-quantanium-r-v-kaepide-igale-pliidituubile\/"},"modified":"2026-04-14T19:45:12","modified_gmt":"2026-04-14T16:45:12","slug":"pann-26cm-kaaneta-al-non-stick-quantanium-r-v-kaepide-igale-pliidituubile","status":"publish","type":"product","link":"https:\/\/farwell.ee\/ru\/product\/pann-26cm-kaaneta-al-non-stick-quantanium-r-v-kaepide-igale-pliidituubile\/","title":{"rendered":"Praepann 26cm kaaneta, Al \/ Non-stick QuanTanium, r\/v k\u00e4epide, igale pliidit\u00fc\u00fcbile"},"content":{"rendered":"","protected":false},"excerpt":{"rendered":"","protected":false},"featured_media":37343,"template":"","meta":{"_acf_changed":false,"inline_featured_image":false},"product_brand":[],"product_cat":[152],"product_tag":[],"class_list":{"0":"post-37344","1":"product","2":"type-product","3":"status-publish","4":"has-post-thumbnail","6":"product_cat-pannid","7":"pa_kaubamark-pintinox","9":"first","10":"instock","11":"shipping-taxable","12":"purchasable","13":"product-type-simple"},"acf":[],"_links":{"self":[{"href":"https:\/\/farwell.ee\/ru\/wp-json\/wp\/v2\/product\/37344","targetHints":{"allow":["GET"]}}],"collection":[{"href":"https:\/\/farwell.ee\/ru\/wp-json\/wp\/v2\/product"}],"about":[{"href":"https:\/\/farwell.ee\/ru\/wp-json\/wp\/v2\/types\/product"}],"wp:featuredmedia":[{"embeddable":true,"href":"https:\/\/farwell.ee\/ru\/wp-json\/wp\/v2\/media\/37343"}],"wp:attachment":[{"href":"https:\/\/farwell.ee\/ru\/wp-json\/wp\/v2\/media?parent=37344"}],"wp:term":[{"taxonomy":"product_brand","embeddable":true,"href":"https:\/\/farwell.ee\/ru\/wp-json\/wp\/v2\/product_brand?post=37344"},{"taxonomy":"product_cat","embeddable":true,"href":"https:\/\/farwell.ee\/ru\/wp-json\/wp\/v2\/product_cat?post=37344"},{"taxonomy":"product_tag","embeddable":true,"href":"https:\/\/farwell.ee\/ru\/wp-json\/wp\/v2\/product_tag?post=37344"}],"curies":[{"name":"wp","href":"https:\/\/api.w.org\/{rel}","templated":true}]}}