{"id":36471,"date":"2025-11-14T10:30:04","date_gmt":"2025-11-14T08:30:04","guid":{"rendered":"https:\/\/farwell.ee\/toode\/pajalapp-20x20cm-tekstiilist-erinevad-mustrid\/"},"modified":"2026-01-07T09:00:05","modified_gmt":"2026-01-07T07:00:05","slug":"pajalapp-20x20cm-tekstiilist-erinevad-mustrid","status":"publish","type":"product","link":"https:\/\/farwell.ee\/ru\/product\/pajalapp-20x20cm-tekstiilist-erinevad-mustrid\/","title":{"rendered":"Pajalapp 20x20cm tekstiilist, erinevad mustrid"},"content":{"rendered":"","protected":false},"excerpt":{"rendered":"<p>Materjal: 60% puuvill, 20% pol\u00fcester, 10% akr\u00fc\u00fcl, 10% viskoos<br \/>\nRiputusaasaga.<\/p>","protected":false},"featured_media":36537,"template":"","meta":{"_acf_changed":false,"inline_featured_image":false},"product_brand":[],"product_cat":[12436],"product_tag":[],"class_list":{"0":"post-36471","1":"product","2":"type-product","3":"status-publish","4":"has-post-thumbnail","6":"product_cat-pajakindad-ja-pajalapid","7":"pa_kaubamark-victorias","9":"first","10":"outofstock","11":"shipping-taxable","12":"purchasable","13":"product-type-simple"},"acf":[],"_links":{"self":[{"href":"https:\/\/farwell.ee\/ru\/wp-json\/wp\/v2\/product\/36471","targetHints":{"allow":["GET"]}}],"collection":[{"href":"https:\/\/farwell.ee\/ru\/wp-json\/wp\/v2\/product"}],"about":[{"href":"https:\/\/farwell.ee\/ru\/wp-json\/wp\/v2\/types\/product"}],"wp:featuredmedia":[{"embeddable":true,"href":"https:\/\/farwell.ee\/ru\/wp-json\/wp\/v2\/media\/36537"}],"wp:attachment":[{"href":"https:\/\/farwell.ee\/ru\/wp-json\/wp\/v2\/media?parent=36471"}],"wp:term":[{"taxonomy":"product_brand","embeddable":true,"href":"https:\/\/farwell.ee\/ru\/wp-json\/wp\/v2\/product_brand?post=36471"},{"taxonomy":"product_cat","embeddable":true,"href":"https:\/\/farwell.ee\/ru\/wp-json\/wp\/v2\/product_cat?post=36471"},{"taxonomy":"product_tag","embeddable":true,"href":"https:\/\/farwell.ee\/ru\/wp-json\/wp\/v2\/product_tag?post=36471"}],"curies":[{"name":"wp","href":"https:\/\/api.w.org\/{rel}","templated":true}]}}