{"id":36455,"date":"2025-11-13T09:45:04","date_gmt":"2025-11-13T07:45:04","guid":{"rendered":"https:\/\/farwell.ee\/toode\/toidu-termokott-117l-360x180x180mm\/"},"modified":"2025-12-11T12:15:05","modified_gmt":"2025-12-11T10:15:05","slug":"toidu-termokott-117l-360x180x180mm","status":"publish","type":"product","link":"https:\/\/farwell.ee\/ru\/product\/toidu-termokott-117l-360x180x180mm\/","title":{"rendered":"Toidu termokott 11,7L, 360x180x180mm"},"content":{"rendered":"","protected":false},"excerpt":{"rendered":"<p>V\u00e4ike termokott pasta, baguette&#8217;i, salati v\u00f5i jookide jaoks on valmistatud vastupidavast mustast vin\u00fc\u00fclplast-kangast.<br \/>\nVastupidav materjal libisemiskindla pinnaga p\u00fcsib heas vormis isegi k\u00f5rgel temperatuuril v\u00f5i vihmas.<br \/>\nStabiilne materjalikonstruktsioon koos t\u00e4iendava vahtplastist isolatsiooniga t\u00e4hendab, et kott seisab alati h\u00e4sti p\u00fcsti ja on kergesti t\u00e4idetav.<br \/>\nThermo Future Box termokotil on praktiline kandek\u00e4epide ja v\u00e4lisk\u00fcljel l\u00e4bipaistev tasku tellimuslehtede jaoks.<br \/>\nSee on tihedalt suletud kvaliteetse ja sujuvalt liikuva lukuga.<br \/>\nKotte on lihtne v\u00e4ljast ja seest niiske lapiga puhastada ning seega p\u00fcsib see puhtana v\u00e4ga pikka aega kasutatav.<\/p>","protected":false},"featured_media":36454,"template":"","meta":{"_acf_changed":false,"inline_featured_image":false},"product_brand":[],"product_cat":[5879],"product_tag":[],"class_list":{"0":"post-36455","1":"product","2":"type-product","3":"status-publish","4":"has-post-thumbnail","6":"product_cat-termokotid-sailitus-transport","7":"pa_kaubamark-thermo-future-box","9":"first","10":"outofstock","11":"shipping-taxable","12":"purchasable","13":"product-type-simple"},"acf":[],"_links":{"self":[{"href":"https:\/\/farwell.ee\/ru\/wp-json\/wp\/v2\/product\/36455","targetHints":{"allow":["GET"]}}],"collection":[{"href":"https:\/\/farwell.ee\/ru\/wp-json\/wp\/v2\/product"}],"about":[{"href":"https:\/\/farwell.ee\/ru\/wp-json\/wp\/v2\/types\/product"}],"wp:featuredmedia":[{"embeddable":true,"href":"https:\/\/farwell.ee\/ru\/wp-json\/wp\/v2\/media\/36454"}],"wp:attachment":[{"href":"https:\/\/farwell.ee\/ru\/wp-json\/wp\/v2\/media?parent=36455"}],"wp:term":[{"taxonomy":"product_brand","embeddable":true,"href":"https:\/\/farwell.ee\/ru\/wp-json\/wp\/v2\/product_brand?post=36455"},{"taxonomy":"product_cat","embeddable":true,"href":"https:\/\/farwell.ee\/ru\/wp-json\/wp\/v2\/product_cat?post=36455"},{"taxonomy":"product_tag","embeddable":true,"href":"https:\/\/farwell.ee\/ru\/wp-json\/wp\/v2\/product_tag?post=36455"}],"curies":[{"name":"wp","href":"https:\/\/api.w.org\/{rel}","templated":true}]}}