{"id":36431,"date":"2025-11-11T14:45:05","date_gmt":"2025-11-11T12:45:05","guid":{"rendered":"https:\/\/farwell.ee\/toode\/pudrunui-175cm-otsa-moodud-11x75cm\/"},"modified":"2026-03-16T12:15:05","modified_gmt":"2026-03-16T10:15:05","slug":"pudrunui-175cm-otsa-moodud-11x75cm","status":"publish","type":"product","link":"https:\/\/farwell.ee\/ru\/product\/pudrunui-175cm-otsa-moodud-11x75cm\/","title":{"rendered":"Pudrunui 17,5cm, otsa m\u00f5\u00f5dud 11&#215;7,5cm"},"content":{"rendered":"","protected":false},"excerpt":{"rendered":"<p>Tugev roostevabast terasest kartulipurusti plastk\u00e4epidemega.<br \/>\nSelle kartulipurustiga saad keedetud kartulitest \u00fchtlase ja sileda p\u00fcree.<br \/>\nProovi seda ka tomatip\u00fcree v\u00f5i isegi banaanip\u00fcree valmistamiseks.<\/p>\n<p>N\u00f5udepesumasinas pestav.<\/p>\n<p>Tootja: Lacor<br \/>\nM\u00f5\u00f5tmed: 11 x 7,5 x 17,5 cm<br \/>\nMaterjalid: Roostevaba teras ja BPA-vaba PP-plastik<\/p>","protected":false},"featured_media":36430,"template":"","meta":{"_acf_changed":false,"inline_featured_image":false},"product_brand":[],"product_cat":[163],"product_tag":[],"class_list":{"0":"post-36431","1":"product","2":"type-product","3":"status-publish","4":"has-post-thumbnail","6":"product_cat-riivid-koorijad-ja-pureestajad","7":"pa_kaubamark-lacor","9":"first","10":"instock","11":"shipping-taxable","12":"purchasable","13":"product-type-simple"},"acf":[],"_links":{"self":[{"href":"https:\/\/farwell.ee\/ru\/wp-json\/wp\/v2\/product\/36431","targetHints":{"allow":["GET"]}}],"collection":[{"href":"https:\/\/farwell.ee\/ru\/wp-json\/wp\/v2\/product"}],"about":[{"href":"https:\/\/farwell.ee\/ru\/wp-json\/wp\/v2\/types\/product"}],"wp:featuredmedia":[{"embeddable":true,"href":"https:\/\/farwell.ee\/ru\/wp-json\/wp\/v2\/media\/36430"}],"wp:attachment":[{"href":"https:\/\/farwell.ee\/ru\/wp-json\/wp\/v2\/media?parent=36431"}],"wp:term":[{"taxonomy":"product_brand","embeddable":true,"href":"https:\/\/farwell.ee\/ru\/wp-json\/wp\/v2\/product_brand?post=36431"},{"taxonomy":"product_cat","embeddable":true,"href":"https:\/\/farwell.ee\/ru\/wp-json\/wp\/v2\/product_cat?post=36431"},{"taxonomy":"product_tag","embeddable":true,"href":"https:\/\/farwell.ee\/ru\/wp-json\/wp\/v2\/product_tag?post=36431"}],"curies":[{"name":"wp","href":"https:\/\/api.w.org\/{rel}","templated":true}]}}