{"id":36427,"date":"2025-11-11T14:30:04","date_gmt":"2025-11-11T12:30:04","guid":{"rendered":"https:\/\/farwell.ee\/toode\/mikrolaineahi-23l-digitaalne-valjundvoimsus-1000w-2\/"},"modified":"2026-02-17T10:15:04","modified_gmt":"2026-02-17T08:15:04","slug":"mikrolaineahi-23l-digitaalne-valjundvoimsus-1000w-2","status":"publish","type":"product","link":"https:\/\/farwell.ee\/ru\/product\/mikrolaineahi-23l-digitaalne-valjundvoimsus-1000w-2\/","title":{"rendered":"Mikrolaineahi 23L digitaalne, v\u00e4ljundv\u00f5imsus 1000W"},"content":{"rendered":"","protected":false},"excerpt":{"rendered":"<div class=\"woocommerce-product-details__short-description\">\n<p>V\u00e4lism\u00f5\u00f5dud 512x403x310mm.<br \/>\nSisem\u00f5\u00f5dud 330x330x197mm.<br \/>\nElekter 230\/50\/1-faasiline, 1,15 kW<br \/>\nMahutavus 23 liitrit.<br \/>\nV\u00f5imsus 1000 W.<\/p>\n<\/div>\n<p>Puutetundlik juhtimispaneel.<br \/>\nVastupidav ja kvaliteetne mikrolaineahi.<br \/>\nViis erinevat v\u00f5imsusastet ja neli k\u00fcpsetustaset.<br \/>\nProgrammide arv 20.<br \/>\nMahutab kuni 30,5 cm l\u00e4bim\u00f5\u00f5duga n\u00f5u.<br \/>\nK\u00fcpsetustaimer kuni 60 minutit.<br \/>\n\u00dchtlase k\u00fcpsetuse tagab ringlev magnetron.<br \/>\nV\u00e4lisviimistlus roostevabast terasest.<\/p>","protected":false},"featured_media":38268,"template":"","meta":{"_acf_changed":false,"inline_featured_image":false},"product_brand":[],"product_cat":[12115],"product_tag":[],"class_list":{"0":"post-36427","1":"product","2":"type-product","3":"status-publish","4":"has-post-thumbnail","6":"product_cat-mikrolaineahjud","7":"pa_kaubamark-menumaster","9":"first","10":"outofstock","11":"shipping-taxable","12":"purchasable","13":"product-type-simple"},"acf":[],"_links":{"self":[{"href":"https:\/\/farwell.ee\/ru\/wp-json\/wp\/v2\/product\/36427","targetHints":{"allow":["GET"]}}],"collection":[{"href":"https:\/\/farwell.ee\/ru\/wp-json\/wp\/v2\/product"}],"about":[{"href":"https:\/\/farwell.ee\/ru\/wp-json\/wp\/v2\/types\/product"}],"wp:featuredmedia":[{"embeddable":true,"href":"https:\/\/farwell.ee\/ru\/wp-json\/wp\/v2\/media\/38268"}],"wp:attachment":[{"href":"https:\/\/farwell.ee\/ru\/wp-json\/wp\/v2\/media?parent=36427"}],"wp:term":[{"taxonomy":"product_brand","embeddable":true,"href":"https:\/\/farwell.ee\/ru\/wp-json\/wp\/v2\/product_brand?post=36427"},{"taxonomy":"product_cat","embeddable":true,"href":"https:\/\/farwell.ee\/ru\/wp-json\/wp\/v2\/product_cat?post=36427"},{"taxonomy":"product_tag","embeddable":true,"href":"https:\/\/farwell.ee\/ru\/wp-json\/wp\/v2\/product_tag?post=36427"}],"curies":[{"name":"wp","href":"https:\/\/api.w.org\/{rel}","templated":true}]}}