{"id":36331,"date":"2025-11-11T12:30:17","date_gmt":"2025-11-11T10:30:17","guid":{"rendered":"https:\/\/farwell.ee\/toode\/mikrolaineahi-20l-manuaalne-valjundvoimsus-700w-grillifunktsiooniga\/"},"modified":"2025-11-27T09:30:08","modified_gmt":"2025-11-27T07:30:08","slug":"mikrolaineahi-20l-manuaalne-valjundvoimsus-700w-grillifunktsiooniga","status":"publish","type":"product","link":"https:\/\/farwell.ee\/ru\/product\/mikrolaineahi-20l-manuaalne-valjundvoimsus-700w-grillifunktsiooniga\/","title":{"rendered":"Mikrolaineahi 20L manuaalne, v\u00e4ljundv\u00f5imsus 700W, grillifunktsiooniga"},"content":{"rendered":"","protected":false},"excerpt":{"rendered":"<p>Roostevabast terasest korpus ja esipaneel.<br \/>\nLihtsalt loetav juhtpaneel.<br \/>\nElektromehaaniline juhtimine kahe nupuga, mis reguleerivad aega ja v\u00f5imsust 9 astet.<br \/>\nMagnetroni \u00fclemine antenn p\u00f6\u00f6rleva v\u00f5lliga \u00fchtlase energiajaotuse tagamiseks.<br \/>\nSisseehitatud \u00f5hufilter kaitseks v\u00e4liste m\u00f5jurite ja tolmu eest.<br \/>\nTihendiga ukseklaas v\u00f5imaldab j\u00e4lgida valgustatud mikrolaineahju sisemuses toimuvaid protsesse.<br \/>\nLihtne avamine nupuvajutusega.<br \/>\nKambri sisemus:<br \/>\n&#8211; m\u00f5\u00f5tmed 304 x 306 x k\u00f5rgus 206mm, mahutavus 20L<br \/>\n&#8211; valgeks v\u00e4rvitud<br \/>\n&#8211; lihtne puhtana hoida<br \/>\n&#8211; sisestatavad taldrikud ei ole m\u00e4\u00e4ratletud t\u00e4nu kambri \u00f5rnalt \u00fcmaratele servadele<br \/>\nMultifunktsionaalne kasutamine:<br \/>\n&#8211; sulatamine<br \/>\n&#8211; 4 mikrolaine intensiivsuse taset: Low, Medium, Medium High, High<br \/>\n&#8211; standardre\u017eiimi ja grillre\u017eiimi kombineerimise funktsioon: Combi (3 taset)<br \/>\n&#8211; grill (v\u00f5imsus 1000 W)<br \/>\n&#8211; kokkamisets\u00fckli l\u00f5ppu t\u00e4histav h\u00e4iresignaal<br \/>\n&#8211; 4 v\u00f5imsusastet<br \/>\nMikrolaineahju v\u00f5imsus: 1050 W \/ 230V<br \/>\nV\u00e4lism\u00f5\u00f5dud: 435 x 360 x 251mm<br \/>\nSisaldab \u00f8 255 mm klaasist p\u00f6\u00f6rlevat taldriku ja grillalust.<br \/>\nSobib k\u00f6\u00f6gin\u00f5udele, mille maksimaalne l\u00e4bim\u00f5\u00f5t on 280 mm.<br \/>\nMaksimaalne \u00fchekordne t\u00f6\u00f6aeg 35 minutit.<br \/>\nVarustatud maandatud kaabel koos maanduspistikuga.<br \/>\nKaal: 11,1 kg.<\/p>","protected":false},"featured_media":36329,"template":"","meta":{"_acf_changed":false,"inline_featured_image":false},"product_brand":[],"product_cat":[12115],"product_tag":[],"class_list":{"0":"post-36331","1":"product","2":"type-product","3":"status-publish","4":"has-post-thumbnail","6":"product_cat-mikrolaineahjud","7":"pa_kaubamark-hendi","9":"first","10":"outofstock","11":"shipping-taxable","12":"purchasable","13":"product-type-simple"},"acf":[],"_links":{"self":[{"href":"https:\/\/farwell.ee\/ru\/wp-json\/wp\/v2\/product\/36331","targetHints":{"allow":["GET"]}}],"collection":[{"href":"https:\/\/farwell.ee\/ru\/wp-json\/wp\/v2\/product"}],"about":[{"href":"https:\/\/farwell.ee\/ru\/wp-json\/wp\/v2\/types\/product"}],"wp:featuredmedia":[{"embeddable":true,"href":"https:\/\/farwell.ee\/ru\/wp-json\/wp\/v2\/media\/36329"}],"wp:attachment":[{"href":"https:\/\/farwell.ee\/ru\/wp-json\/wp\/v2\/media?parent=36331"}],"wp:term":[{"taxonomy":"product_brand","embeddable":true,"href":"https:\/\/farwell.ee\/ru\/wp-json\/wp\/v2\/product_brand?post=36331"},{"taxonomy":"product_cat","embeddable":true,"href":"https:\/\/farwell.ee\/ru\/wp-json\/wp\/v2\/product_cat?post=36331"},{"taxonomy":"product_tag","embeddable":true,"href":"https:\/\/farwell.ee\/ru\/wp-json\/wp\/v2\/product_tag?post=36331"}],"curies":[{"name":"wp","href":"https:\/\/api.w.org\/{rel}","templated":true}]}}