{"id":36328,"date":"2025-11-11T12:30:15","date_gmt":"2025-11-11T10:30:15","guid":{"rendered":"https:\/\/farwell.ee\/toode\/mikrolaineahi-1800w-maht-18l-30-programmi\/"},"modified":"2026-02-19T11:00:07","modified_gmt":"2026-02-19T09:00:07","slug":"mikrolaineahi-1800w-maht-18l-30-programmi","status":"publish","type":"product","link":"https:\/\/farwell.ee\/ru\/product\/mikrolaineahi-1800w-maht-18l-30-programmi\/","title":{"rendered":"Mikrolaineahi 1800W, maht 18L, 30-programmi"},"content":{"rendered":"","protected":false},"excerpt":{"rendered":"<p>Virnastatav 1800W mikrolaineahi.<br \/>\n2 magnetroni.<br \/>\nTaimer ja 30 seadistatavat programmi.<br \/>\n18-liitrine k\u00fcpsetusruum on varustatud kvaliteetse keraamilise alusplaadiga.<\/p>\n<p>K\u00fcpsetuskambri materjal: roostevaba teras ja keraamika<br \/>\nSisemine laius 330 mm<br \/>\nSisemine s\u00fcgavus 310 mm<br \/>\nSisemine k\u00f5rgus 175 mm<br \/>\nMaht 18 liitrit<br \/>\nFunktsioonid: sulatamine, kuumutamine<br \/>\nSeadistatavad programmid 30<br \/>\nV\u00f5imsustasemete arv 10<br \/>\nTaimer Digitaalne<br \/>\nAja seadistamine 60 minutini<br \/>\nP\u00f6\u00f6rdplaadiga ei<br \/>\nSisevalgustus jah<br \/>\nDigitaalne ekraan jah<br \/>\nLED-ekraan ei<br \/>\nJuhtseade Puutetundlik<br \/>\nGN-\u00fchilduv ei<br \/>\nVirnastatav jah<\/p>\n<p>Omadused : taktilised nupud, USB-m\u00e4luseadme valik<\/p>\n<p>V\u00e4lism\u00f5\u00f5dud:<br \/>\nLaius 425 mm<br \/>\nS\u00fcgavus 520 mm<br \/>\nK\u00f5rgus 340 mm<br \/>\nKaal 19,2 kg<\/p>\n<p>&nbsp;<\/p>","protected":false},"featured_media":36327,"template":"","meta":{"_acf_changed":false,"inline_featured_image":false},"product_brand":[],"product_cat":[12115],"product_tag":[],"class_list":{"0":"post-36328","1":"product","2":"type-product","3":"status-publish","4":"has-post-thumbnail","6":"product_cat-mikrolaineahjud","7":"pa_kaubamark-bartscher","9":"first","10":"outofstock","11":"shipping-taxable","12":"purchasable","13":"product-type-simple"},"acf":[],"_links":{"self":[{"href":"https:\/\/farwell.ee\/ru\/wp-json\/wp\/v2\/product\/36328","targetHints":{"allow":["GET"]}}],"collection":[{"href":"https:\/\/farwell.ee\/ru\/wp-json\/wp\/v2\/product"}],"about":[{"href":"https:\/\/farwell.ee\/ru\/wp-json\/wp\/v2\/types\/product"}],"wp:featuredmedia":[{"embeddable":true,"href":"https:\/\/farwell.ee\/ru\/wp-json\/wp\/v2\/media\/36327"}],"wp:attachment":[{"href":"https:\/\/farwell.ee\/ru\/wp-json\/wp\/v2\/media?parent=36328"}],"wp:term":[{"taxonomy":"product_brand","embeddable":true,"href":"https:\/\/farwell.ee\/ru\/wp-json\/wp\/v2\/product_brand?post=36328"},{"taxonomy":"product_cat","embeddable":true,"href":"https:\/\/farwell.ee\/ru\/wp-json\/wp\/v2\/product_cat?post=36328"},{"taxonomy":"product_tag","embeddable":true,"href":"https:\/\/farwell.ee\/ru\/wp-json\/wp\/v2\/product_tag?post=36328"}],"curies":[{"name":"wp","href":"https:\/\/api.w.org\/{rel}","templated":true}]}}