{"id":36307,"date":"2025-11-11T12:30:05","date_gmt":"2025-11-11T10:30:05","guid":{"rendered":"https:\/\/farwell.ee\/toode\/mikrolaineahi-23l-digitaalne-valjundvoimsus-1000w\/"},"modified":"2025-11-11T14:08:53","modified_gmt":"2025-11-11T12:08:53","slug":"mikrolaineahi-23l-digitaalne-valjundvoimsus-1000w","status":"publish","type":"product","link":"https:\/\/farwell.ee\/ru\/product\/mikrolaineahi-23l-digitaalne-valjundvoimsus-1000w\/","title":{"rendered":"Mikrolaineahi 23L digitaalne, v\u00e4ljundv\u00f5imsus 1000W"},"content":{"rendered":"","protected":false},"excerpt":{"rendered":"<p><span dir=\"auto\">Roostevabast terasest korpus ja sisemus, keraamiline kambrip\u00f5hi.<\/span><br \/>\n<span dir=\"auto\">Lihtsalt loetav juhtpaneel.<\/span><br \/>\n<span dir=\"auto\">Elektrooniline juhtimine.<\/span><br \/>\n<span dir=\"auto\">Alumine p\u00f6\u00f6rlev mikrolaineantenn \u00fchtlaseks energiajaotuseks, kambris ei ole p\u00f6\u00f6rlevaid osi.<\/span><br \/>\n<span dir=\"auto\">Sisseehitatud \u00f5hufilter kaitseb rasva ja tolmu eest.<\/span><br \/>\n<span dir=\"auto\">Uks aknaga, et j\u00e4lgida k\u00fcpsetamise edenemist mikrolaineahju valgustatud sisemuses.<\/span><br \/>\n<span dir=\"auto\">Valige soovitud programm puutetundlikul ekraanil.<\/span><br \/>\n<span dir=\"auto\">Tihedalt sulgur; lihtne avada &#8211; lukustusmehhanismi pole.<\/span><br \/>\n<span dir=\"auto\">Kambri sisemus:<\/span><br \/>\n<span dir=\"auto\">&#8211; m\u00f5\u00f5tmed 327x346x(K)200, maht 23 liitrit.<\/span><br \/>\n<span dir=\"auto\">&#8211; lihtne puhastada.<\/span><br \/>\n<span dir=\"auto\">&#8211; \u00fcmarad servad hoiatavad n\u00f5ude purunemise eest.<\/span><br \/>\n<span dir=\"auto\">&#8211; keraamiline alus.<\/span><br \/>\n<span dir=\"auto\">Multifunktsionaalne kasutus:<\/span><br \/>\n<span dir=\"auto\">&#8211; sulatamine.<\/span><br \/>\n<span dir=\"auto\">&#8211; 10 standardprogrammi.<\/span><br \/>\n<span dir=\"auto\">&#8211; v\u00f5imalus salvestada kuni 100 programmi (kuni 3 faasi \u00fches programmis).<\/span><br \/>\n<span dir=\"auto\">&#8211; automaatne aja teisendamine topeltportsjonite jaoks.<\/span><br \/>\n<span dir=\"auto\">&#8211; k\u00fcpsetusts\u00fckli l\u00f5pust annab m\u00e4rku alarm.<\/span><br \/>\n<span dir=\"auto\">&#8211; 4 v\u00f5imsustaset.<\/span><br \/>\n<span dir=\"auto\">Mikrolaineahju v\u00f5imsus: 1000 W.<\/span><br \/>\n<span dir=\"auto\">Sobib \u00fcmmargustele (kuni \u00f8320 mm) ja ristk\u00fclikukujulistele taldrikutele.<\/span><br \/>\n<span dir=\"auto\">Maksimaalne k\u00fcpsetusaeg: 60 minutit.<\/span><br \/>\n<span dir=\"auto\">Komplektis on juhe ja maandatud pistik.<\/span><br \/>\n<span dir=\"auto\">Kaal: 15,5 kg.<\/span><\/p>","protected":false},"featured_media":36306,"template":"","meta":{"_acf_changed":false,"inline_featured_image":false},"product_brand":[],"product_cat":[12115],"product_tag":[],"class_list":{"0":"post-36307","1":"product","2":"type-product","3":"status-publish","4":"has-post-thumbnail","6":"product_cat-mikrolaineahjud","7":"pa_kaubamark-hendi","9":"first","10":"outofstock","11":"shipping-taxable","12":"purchasable","13":"product-type-simple"},"acf":[],"_links":{"self":[{"href":"https:\/\/farwell.ee\/ru\/wp-json\/wp\/v2\/product\/36307","targetHints":{"allow":["GET"]}}],"collection":[{"href":"https:\/\/farwell.ee\/ru\/wp-json\/wp\/v2\/product"}],"about":[{"href":"https:\/\/farwell.ee\/ru\/wp-json\/wp\/v2\/types\/product"}],"wp:featuredmedia":[{"embeddable":true,"href":"https:\/\/farwell.ee\/ru\/wp-json\/wp\/v2\/media\/36306"}],"wp:attachment":[{"href":"https:\/\/farwell.ee\/ru\/wp-json\/wp\/v2\/media?parent=36307"}],"wp:term":[{"taxonomy":"product_brand","embeddable":true,"href":"https:\/\/farwell.ee\/ru\/wp-json\/wp\/v2\/product_brand?post=36307"},{"taxonomy":"product_cat","embeddable":true,"href":"https:\/\/farwell.ee\/ru\/wp-json\/wp\/v2\/product_cat?post=36307"},{"taxonomy":"product_tag","embeddable":true,"href":"https:\/\/farwell.ee\/ru\/wp-json\/wp\/v2\/product_tag?post=36307"}],"curies":[{"name":"wp","href":"https:\/\/api.w.org\/{rel}","templated":true}]}}