{"id":36080,"date":"2025-11-07T10:30:04","date_gmt":"2025-11-07T08:30:04","guid":{"rendered":"https:\/\/farwell.ee\/toode\/vinuulkate-gn-2-1-kandikukarule-ehk-togile\/"},"modified":"2026-01-28T10:00:04","modified_gmt":"2026-01-28T08:00:04","slug":"vinuulkate-gn-2-1-kandikukarule-ehk-togile","status":"publish","type":"product","link":"https:\/\/farwell.ee\/ru\/product\/vinuulkate-gn-2-1-kandikukarule-ehk-togile\/","title":{"rendered":"Vin\u00fc\u00fclkate GN 2\/1 kandikuk\u00e4rule ehk togile"},"content":{"rendered":"","protected":false},"excerpt":{"rendered":"<p>Esik\u00fcljel kaks t\u00f5mblukku.<br \/>\nVin\u00fc\u00fclkate v\u00e4hendab ristsaastumise ohtu.<br \/>\nL\u00e4bipaistev aken v\u00f5imaldab n\u00e4ha sisu.<\/p>","protected":false},"featured_media":36078,"template":"","meta":{"_acf_changed":false,"inline_featured_image":false},"product_brand":[],"product_cat":[6371],"product_tag":[],"class_list":{"0":"post-36080","1":"product","2":"type-product","3":"status-publish","4":"has-post-thumbnail","6":"product_cat-koogikarud-ja-togid","7":"pa_kaubamark-cambro","9":"first","10":"outofstock","11":"shipping-taxable","12":"purchasable","13":"product-type-simple"},"acf":[],"_links":{"self":[{"href":"https:\/\/farwell.ee\/ru\/wp-json\/wp\/v2\/product\/36080","targetHints":{"allow":["GET"]}}],"collection":[{"href":"https:\/\/farwell.ee\/ru\/wp-json\/wp\/v2\/product"}],"about":[{"href":"https:\/\/farwell.ee\/ru\/wp-json\/wp\/v2\/types\/product"}],"wp:featuredmedia":[{"embeddable":true,"href":"https:\/\/farwell.ee\/ru\/wp-json\/wp\/v2\/media\/36078"}],"wp:attachment":[{"href":"https:\/\/farwell.ee\/ru\/wp-json\/wp\/v2\/media?parent=36080"}],"wp:term":[{"taxonomy":"product_brand","embeddable":true,"href":"https:\/\/farwell.ee\/ru\/wp-json\/wp\/v2\/product_brand?post=36080"},{"taxonomy":"product_cat","embeddable":true,"href":"https:\/\/farwell.ee\/ru\/wp-json\/wp\/v2\/product_cat?post=36080"},{"taxonomy":"product_tag","embeddable":true,"href":"https:\/\/farwell.ee\/ru\/wp-json\/wp\/v2\/product_tag?post=36080"}],"curies":[{"name":"wp","href":"https:\/\/api.w.org\/{rel}","templated":true}]}}