{"id":36025,"date":"2025-11-06T11:30:08","date_gmt":"2025-11-06T09:30:08","guid":{"rendered":"https:\/\/farwell.ee\/toode\/prugikast-e-prugikonteiner-120l-ummargune-sobib-alusraam-rc-1092-gry\/"},"modified":"2026-03-03T13:45:04","modified_gmt":"2026-03-03T11:45:04","slug":"prugikast-e-prugikonteiner-120l-ummargune-sobib-alusraam-rc-1092-gry","status":"publish","type":"product","link":"https:\/\/farwell.ee\/ru\/product\/prugikast-e-prugikonteiner-120l-ummargune-sobib-alusraam-rc-1092-gry\/","title":{"rendered":"Pr\u00fcgikast e. pr\u00fcgikonteiner 120L \u00fcmmargune, sobib alusraam RC-1092-GRY"},"content":{"rendered":"","protected":false},"excerpt":{"rendered":"","protected":false},"featured_media":36024,"template":"","meta":{"_acf_changed":false,"inline_featured_image":false},"product_brand":[],"product_cat":[160],"product_tag":[],"class_list":{"0":"post-36025","1":"product","2":"type-product","3":"status-publish","4":"has-post-thumbnail","6":"product_cat-prugikonteinerid","7":"pa_kaubamark-probbax","9":"first","10":"outofstock","11":"shipping-taxable","12":"purchasable","13":"product-type-simple"},"acf":[],"_links":{"self":[{"href":"https:\/\/farwell.ee\/ru\/wp-json\/wp\/v2\/product\/36025","targetHints":{"allow":["GET"]}}],"collection":[{"href":"https:\/\/farwell.ee\/ru\/wp-json\/wp\/v2\/product"}],"about":[{"href":"https:\/\/farwell.ee\/ru\/wp-json\/wp\/v2\/types\/product"}],"wp:featuredmedia":[{"embeddable":true,"href":"https:\/\/farwell.ee\/ru\/wp-json\/wp\/v2\/media\/36024"}],"wp:attachment":[{"href":"https:\/\/farwell.ee\/ru\/wp-json\/wp\/v2\/media?parent=36025"}],"wp:term":[{"taxonomy":"product_brand","embeddable":true,"href":"https:\/\/farwell.ee\/ru\/wp-json\/wp\/v2\/product_brand?post=36025"},{"taxonomy":"product_cat","embeddable":true,"href":"https:\/\/farwell.ee\/ru\/wp-json\/wp\/v2\/product_cat?post=36025"},{"taxonomy":"product_tag","embeddable":true,"href":"https:\/\/farwell.ee\/ru\/wp-json\/wp\/v2\/product_tag?post=36025"}],"curies":[{"name":"wp","href":"https:\/\/api.w.org\/{rel}","templated":true}]}}