{"id":35731,"date":"2025-10-27T20:30:03","date_gmt":"2025-10-27T18:30:03","guid":{"rendered":"https:\/\/farwell.ee\/toode\/toidukuivati-7-kandikuga-voimsus-500w\/"},"modified":"2026-03-13T14:15:05","modified_gmt":"2026-03-13T12:15:05","slug":"toidukuivati-7-kandikuga-voimsus-500w","status":"publish","type":"product","link":"https:\/\/farwell.ee\/ru\/product\/toidukuivati-7-kandikuga-voimsus-500w\/","title":{"rendered":"Toidukuivati 7-restriiuliga, v\u00f5imsus 500W"},"content":{"rendered":"","protected":false},"excerpt":{"rendered":"<p><span dir=\"auto\">Puuviljade, k\u00f6\u00f6giviljade, \u00fcrtide, liha, kala jms kuivatamiseks.<br \/>\nAutomaatne ventilaator ringleb kambris sooja \u00f5hku, tagades \u00fchtlase kuivatamise ilma reste p\u00f6\u00f6ramata.<\/span><br \/>\n<span dir=\"auto\">Komplekti kuulub 7 roostevabast terasest resti m\u00f5\u00f5tmetega 305&#215;330 mm, iga\u00fche maksimaalne kandev\u00f5ime 500 g.<\/span><br \/>\n<span dir=\"auto\">Restid on kambris \u00fchtlaselt 35 mm kaugusel teineteisest jaotatud ning neid on lihtne eemaldada ja puhastada.<\/span><br \/>\n<span dir=\"auto\">Topeltseinaga pol\u00fcprop\u00fcleenist korpus suurendab termilist efektiivsust.<\/span><br \/>\n<span dir=\"auto\">L\u00e4bipaistev uks v\u00f5imaldab teil kuivatamisprotsessi j\u00e4lgida.<\/span><br \/>\n<span dir=\"auto\">Komplektis on l\u00e4bipaistev purualus, et v\u00e4iksemad puuviljad kuivatamise ajal maha ei kukuks \u2013 selle saab j\u00e4\u00e4kide p\u00fc\u00fcdmiseks asetada ka kuivatuskambri p\u00f5hja.<\/span><br \/>\n<span dir=\"auto\">Digitaalne ekraan.<\/span><br \/>\n<span dir=\"auto\">Temperatuuri reguleerimine: 35\u201370 \u00b0C.<br \/>\nTaimerit saab seadistada kuni 24 tunniks 30-minutiliste intervallidega.<\/span><\/p>","protected":false},"featured_media":35732,"template":"","meta":{"_acf_changed":false,"inline_featured_image":false},"product_brand":[],"product_cat":[5776],"product_tag":[12125,12126],"class_list":{"0":"post-35731","1":"product","2":"type-product","3":"status-publish","4":"has-post-thumbnail","6":"product_cat-muud-vaikeseadmed","7":"product_tag-dehudraator","8":"product_tag-puuviljakuivati","9":"pa_kaubamark-hendi","11":"first","12":"instock","13":"shipping-taxable","14":"purchasable","15":"product-type-simple"},"acf":[],"_links":{"self":[{"href":"https:\/\/farwell.ee\/ru\/wp-json\/wp\/v2\/product\/35731","targetHints":{"allow":["GET"]}}],"collection":[{"href":"https:\/\/farwell.ee\/ru\/wp-json\/wp\/v2\/product"}],"about":[{"href":"https:\/\/farwell.ee\/ru\/wp-json\/wp\/v2\/types\/product"}],"wp:featuredmedia":[{"embeddable":true,"href":"https:\/\/farwell.ee\/ru\/wp-json\/wp\/v2\/media\/35732"}],"wp:attachment":[{"href":"https:\/\/farwell.ee\/ru\/wp-json\/wp\/v2\/media?parent=35731"}],"wp:term":[{"taxonomy":"product_brand","embeddable":true,"href":"https:\/\/farwell.ee\/ru\/wp-json\/wp\/v2\/product_brand?post=35731"},{"taxonomy":"product_cat","embeddable":true,"href":"https:\/\/farwell.ee\/ru\/wp-json\/wp\/v2\/product_cat?post=35731"},{"taxonomy":"product_tag","embeddable":true,"href":"https:\/\/farwell.ee\/ru\/wp-json\/wp\/v2\/product_tag?post=35731"}],"curies":[{"name":"wp","href":"https:\/\/api.w.org\/{rel}","templated":true}]}}