{"id":35721,"date":"2025-10-27T09:00:04","date_gmt":"2025-10-27T07:00:04","guid":{"rendered":"https:\/\/farwell.ee\/toode\/ratastega-alus-noudepesukorvidele\/"},"modified":"2025-10-27T09:07:14","modified_gmt":"2025-10-27T07:07:14","slug":"ratastega-alus-noudepesukorvidele","status":"publish","type":"product","link":"https:\/\/farwell.ee\/ru\/product\/ratastega-alus-noudepesukorvidele\/","title":{"rendered":"Ratastega alus n\u00f5udepesukorvidele"},"content":{"rendered":"","protected":false},"excerpt":{"rendered":"<p>4 ratast, 2 p\u00f6\u00f6rlevat piduriga ja 2 fikseeritud.<\/p>","protected":false},"featured_media":35720,"template":"","meta":{"_acf_changed":false,"inline_featured_image":false},"product_brand":[],"product_cat":[6267],"product_tag":[],"class_list":{"0":"post-35721","1":"product","2":"type-product","3":"status-publish","4":"has-post-thumbnail","6":"product_cat-noudepesurestid","7":"pa_kaubamark-hendi","9":"first","10":"outofstock","11":"shipping-taxable","12":"purchasable","13":"product-type-simple"},"acf":[],"_links":{"self":[{"href":"https:\/\/farwell.ee\/ru\/wp-json\/wp\/v2\/product\/35721","targetHints":{"allow":["GET"]}}],"collection":[{"href":"https:\/\/farwell.ee\/ru\/wp-json\/wp\/v2\/product"}],"about":[{"href":"https:\/\/farwell.ee\/ru\/wp-json\/wp\/v2\/types\/product"}],"wp:featuredmedia":[{"embeddable":true,"href":"https:\/\/farwell.ee\/ru\/wp-json\/wp\/v2\/media\/35720"}],"wp:attachment":[{"href":"https:\/\/farwell.ee\/ru\/wp-json\/wp\/v2\/media?parent=35721"}],"wp:term":[{"taxonomy":"product_brand","embeddable":true,"href":"https:\/\/farwell.ee\/ru\/wp-json\/wp\/v2\/product_brand?post=35721"},{"taxonomy":"product_cat","embeddable":true,"href":"https:\/\/farwell.ee\/ru\/wp-json\/wp\/v2\/product_cat?post=35721"},{"taxonomy":"product_tag","embeddable":true,"href":"https:\/\/farwell.ee\/ru\/wp-json\/wp\/v2\/product_tag?post=35721"}],"curies":[{"name":"wp","href":"https:\/\/api.w.org\/{rel}","templated":true}]}}