{"id":35653,"date":"2025-10-22T16:48:16","date_gmt":"2025-10-22T13:48:16","guid":{"rendered":"https:\/\/farwell.ee\/?post_type=product&#038;p=35653"},"modified":"2025-10-23T13:12:40","modified_gmt":"2025-10-23T10:12:40","slug":"induktsioonpann-7kw-sileda-plaadiga-3-faasiline-400v","status":"publish","type":"product","link":"https:\/\/farwell.ee\/ru\/product\/induktsioonpann-7kw-sileda-plaadiga-3-faasiline-400v\/","title":{"rendered":"Induktsioonpann 7kW sileda plaadiga, 3-faasiline 400V"},"content":{"rendered":"","protected":false},"excerpt":{"rendered":"<p>Peamised omadused:<br \/>\n\u2022 Lauapealseks paigaldamiseks m\u00f5eldud pistikupessa \u00fchendatav seade.<br \/>\n\u2022 Kahev\u00e4rviline kasutajaliides (valge ja punane) parema loetavuse tagamiseks.<br \/>\n\u2022 11 mm k\u00fcpsetusplaat 3-kihilisest materjalist: &#8211; AISI 436 roostevaba teras p\u00f5hjas &#8211; alumiinium keskel &#8211; AISI 436 pinnal<br \/>\n\u2022 Suurep\u00e4rane k\u00fcpsetus\u00fchtlus ja kiire taastumisaeg.<br \/>\n\u2022 Mittenakkuv k\u00fcpsetusplaat.<br \/>\n\u2022 Kaabits, 4 jalga, juhe ja pistik on komplektis.<br \/>\n\u2022 Klaasist puutetundlik ekraan peal maksimaalse n\u00e4htavuse tagamiseks koos temperatuurin\u00e4idikuga.<br \/>\n\u2022 Temperatuuri reguleerimine vahemikus 60 kuni 280 \u00b0C, v\u00f5imalik peenh\u00e4\u00e4lestada +\/- 1 \u00b0C v\u00f5rra.<br \/>\n\u2022 2 eraldi juhitavat keedutsooni.<br \/>\n\u2022 SILLAFUNKTSIOON v\u00f5imaldab \u00fchendada kaks eraldi keedutsooni \u00fcheks suureks pinnaks.<br \/>\n\u2022 Puhastusfunktsioon: seadistage \u00f5ige keedupinna temperatuur, et aktiveerida Electrolux Professional C41 Rapid Grease puhastusvahend.<br \/>\n\u2022 Ohutus ennek\u00f5ike. Visuaalne teade kuvatakse, kui pliidiplaat on veel kuum, et v\u00e4ltida vigastusi.<br \/>\n\u2022 Enesediagnostika: talitlush\u00e4ire korral kuvatakse veakood (Exxx).<br \/>\n\u2022 LiberoPro Duo funktsiooni jaoks loodud LiberPro Point ventilaatori kiiruse automaatseks reguleerimiseks vastavalt k\u00fcpsetamise intensiivsusele.<\/p>","protected":false},"featured_media":35654,"template":"","meta":{"_acf_changed":false,"inline_featured_image":false},"product_brand":[],"product_cat":[8608],"product_tag":[],"class_list":{"0":"post-35653","1":"product","2":"type-product","3":"status-publish","4":"has-post-thumbnail","6":"product_cat-uued-koogiseadmed","8":"first","9":"outofstock","10":"shipping-taxable","11":"product-type-simple"},"acf":[],"_links":{"self":[{"href":"https:\/\/farwell.ee\/ru\/wp-json\/wp\/v2\/product\/35653","targetHints":{"allow":["GET"]}}],"collection":[{"href":"https:\/\/farwell.ee\/ru\/wp-json\/wp\/v2\/product"}],"about":[{"href":"https:\/\/farwell.ee\/ru\/wp-json\/wp\/v2\/types\/product"}],"wp:featuredmedia":[{"embeddable":true,"href":"https:\/\/farwell.ee\/ru\/wp-json\/wp\/v2\/media\/35654"}],"wp:attachment":[{"href":"https:\/\/farwell.ee\/ru\/wp-json\/wp\/v2\/media?parent=35653"}],"wp:term":[{"taxonomy":"product_brand","embeddable":true,"href":"https:\/\/farwell.ee\/ru\/wp-json\/wp\/v2\/product_brand?post=35653"},{"taxonomy":"product_cat","embeddable":true,"href":"https:\/\/farwell.ee\/ru\/wp-json\/wp\/v2\/product_cat?post=35653"},{"taxonomy":"product_tag","embeddable":true,"href":"https:\/\/farwell.ee\/ru\/wp-json\/wp\/v2\/product_tag?post=35653"}],"curies":[{"name":"wp","href":"https:\/\/api.w.org\/{rel}","templated":true}]}}