{"id":35619,"date":"2025-10-20T14:15:04","date_gmt":"2025-10-20T11:15:04","guid":{"rendered":"https:\/\/farwell.ee\/toode\/toidukarp-22l-kaanega-25x172x85cm-bio\/"},"modified":"2025-10-23T15:00:04","modified_gmt":"2025-10-23T12:00:04","slug":"toidukarp-22l-kaanega-25x172x85cm-bio","status":"publish","type":"product","link":"https:\/\/farwell.ee\/ru\/product\/toidukarp-22l-kaanega-25x172x85cm-bio\/","title":{"rendered":"Toidukarp 2,2L kaanega, 25&#215;17,2&#215;8,5cm BIO"},"content":{"rendered":"","protected":false},"excerpt":{"rendered":"<p>\u00d5hukindel karp hoiab toidu kauem v\u00e4rskena.<br \/>\nN\u00f5udepesumasina, mikrolaineahju (ilma kaaneta) ja s\u00fcgavk\u00fclmakindel.<br \/>\nValmistatud 80% biop\u00f5hisest plastist.<\/p>","protected":false},"featured_media":35623,"template":"","meta":{"_acf_changed":false,"inline_featured_image":false},"product_brand":[],"product_cat":[5674],"product_tag":[],"class_list":{"0":"post-35619","1":"product","2":"type-product","3":"status-publish","4":"has-post-thumbnail","6":"product_cat-sailitus-ja-transpordikastid","7":"pa_kaubamark-orthex","9":"first","10":"outofstock","11":"shipping-taxable","12":"purchasable","13":"product-type-simple"},"acf":[],"_links":{"self":[{"href":"https:\/\/farwell.ee\/ru\/wp-json\/wp\/v2\/product\/35619","targetHints":{"allow":["GET"]}}],"collection":[{"href":"https:\/\/farwell.ee\/ru\/wp-json\/wp\/v2\/product"}],"about":[{"href":"https:\/\/farwell.ee\/ru\/wp-json\/wp\/v2\/types\/product"}],"wp:featuredmedia":[{"embeddable":true,"href":"https:\/\/farwell.ee\/ru\/wp-json\/wp\/v2\/media\/35623"}],"wp:attachment":[{"href":"https:\/\/farwell.ee\/ru\/wp-json\/wp\/v2\/media?parent=35619"}],"wp:term":[{"taxonomy":"product_brand","embeddable":true,"href":"https:\/\/farwell.ee\/ru\/wp-json\/wp\/v2\/product_brand?post=35619"},{"taxonomy":"product_cat","embeddable":true,"href":"https:\/\/farwell.ee\/ru\/wp-json\/wp\/v2\/product_cat?post=35619"},{"taxonomy":"product_tag","embeddable":true,"href":"https:\/\/farwell.ee\/ru\/wp-json\/wp\/v2\/product_tag?post=35619"}],"curies":[{"name":"wp","href":"https:\/\/api.w.org\/{rel}","templated":true}]}}