{"id":35599,"date":"2025-10-17T16:57:56","date_gmt":"2025-10-17T13:57:56","guid":{"rendered":"https:\/\/farwell.ee\/?post_type=product&#038;p=35599"},"modified":"2025-10-17T16:57:56","modified_gmt":"2025-10-17T13:57:56","slug":"planetaarmikser-5l","status":"publish","type":"product","link":"https:\/\/farwell.ee\/ru\/product\/planetaarmikser-5l\/","title":{"rendered":"Planetaarmikser 5L"},"content":{"rendered":"","protected":false},"excerpt":{"rendered":"<p><strong>*hinnale lisandub k\u00e4ibemaks<\/strong><\/p>\n<h3 data-start=\"145\" data-end=\"217\"><strong data-start=\"149\" data-end=\"217\">Professionaalne planeetmikser 5,5\u202fl \u2013 punane (K-t\u00fc\u00fcpi liidesega)<\/strong><\/h3>\n<p data-start=\"219\" data-end=\"360\">Mitmek\u00fclgne ja vastupidav <strong data-start=\"245\" data-end=\"262\">planeetmikser<\/strong>, sobilik k\u00f5ikideks <strong data-start=\"282\" data-end=\"326\">s\u00f5tkumis-, segamis- ja vahustamist\u00f6\u00f6deks<\/strong> professionaalses k\u00f6\u00f6gikeskkonnas.<\/p>\n<ul data-start=\"362\" data-end=\"1267\">\n<li data-start=\"362\" data-end=\"456\">\n<p data-start=\"364\" data-end=\"456\"><strong data-start=\"364\" data-end=\"386\">Tugev metallkorpus<\/strong> ja lai alus tagavad t\u00e4ieliku stabiilsuse ka intensiivsel kasutusel.<\/p>\n<\/li>\n<li data-start=\"457\" data-end=\"571\">\n<p data-start=\"459\" data-end=\"571\"><strong data-start=\"459\" data-end=\"481\">5,5-liitrine kauss<\/strong> kahe k\u00e4epidemega, valmistatud kvaliteetsest <strong data-start=\"526\" data-end=\"568\">18\/10 (AISI 304) roostevabast terasest<\/strong>.<\/p>\n<\/li>\n<li data-start=\"572\" data-end=\"717\">\n<p data-start=\"574\" data-end=\"717\"><strong data-start=\"574\" data-end=\"597\">Universaalne mootor<\/strong> elektrooniliselt muudetava kiirusega: <strong data-start=\"636\" data-end=\"652\">40\u2013240 p\/min<\/strong> (planeetliikumine), vispli p\u00f6\u00f6rlemiskiirus kuni <strong data-start=\"701\" data-end=\"714\">500 p\/min<\/strong>.<\/p>\n<\/li>\n<li data-start=\"718\" data-end=\"846\">\n<p data-start=\"720\" data-end=\"846\"><strong data-start=\"720\" data-end=\"734\">Kaitsekate<\/strong> valmistatud vastupidavast ja <strong data-start=\"764\" data-end=\"804\">bisfenool A (BPA) vaba kopol\u00fcestrist<\/strong> \u2013 l\u00e4bipaistev, eemaldatav ja turvaline.<\/p>\n<\/li>\n<li data-start=\"847\" data-end=\"918\">\n<p data-start=\"849\" data-end=\"918\">Kaitsekate aktiveerib kausi <strong data-start=\"877\" data-end=\"915\">t\u00f5stmise ja langetamise mehhanismi<\/strong>.<\/p>\n<\/li>\n<li data-start=\"919\" data-end=\"1034\">\n<p data-start=\"921\" data-end=\"1034\"><strong data-start=\"921\" data-end=\"940\">Kaustuvas\u00fcsteem<\/strong> v\u00f5imaldab mikseril t\u00f6\u00f6tada ainult siis, kui <strong data-start=\"985\" data-end=\"1031\">kauss ja kaitsekate on \u00f5igesti paigaldatud<\/strong>.<\/p>\n<\/li>\n<li data-start=\"1035\" data-end=\"1120\">\n<p data-start=\"1037\" data-end=\"1120\">Varustatud <strong data-start=\"1048\" data-end=\"1083\">K-t\u00fc\u00fcpi lisatarvikute liidesega<\/strong> (lisatarvikud ei kuulu komplekti).<\/p>\n<\/li>\n<li data-start=\"1121\" data-end=\"1246\">\n<p data-start=\"1123\" data-end=\"1180\">Komplektis <strong data-start=\"1134\" data-end=\"1177\">3 roostevabast terasest segamistarvikut<\/strong>:<\/p>\n<ul data-start=\"1183\" data-end=\"1246\">\n<li data-start=\"1183\" data-end=\"1212\">\n<p data-start=\"1185\" data-end=\"1212\">poolspiraalne taignakonks<\/p>\n<\/li>\n<li data-start=\"1215\" data-end=\"1233\">\n<p data-start=\"1217\" data-end=\"1233\">segamislabidas<\/p>\n<\/li>\n<li data-start=\"1236\" data-end=\"1246\">\n<p data-start=\"1238\" data-end=\"1246\">vispel<\/p>\n<\/li>\n<\/ul>\n<\/li>\n<li data-start=\"1247\" data-end=\"1267\">\n<p data-start=\"1249\" data-end=\"1267\"><strong data-start=\"1249\" data-end=\"1260\">V\u00e4rvus:<\/strong> punane<\/p>\n<\/li>\n<\/ul>","protected":false},"featured_media":35600,"template":"","meta":{"_acf_changed":false,"inline_featured_image":false},"product_brand":[],"product_cat":[8608],"product_tag":[],"class_list":{"0":"post-35599","1":"product","2":"type-product","3":"status-publish","4":"has-post-thumbnail","6":"product_cat-uued-koogiseadmed","8":"first","9":"outofstock","10":"shipping-taxable","11":"purchasable","12":"product-type-simple"},"acf":[],"_links":{"self":[{"href":"https:\/\/farwell.ee\/ru\/wp-json\/wp\/v2\/product\/35599","targetHints":{"allow":["GET"]}}],"collection":[{"href":"https:\/\/farwell.ee\/ru\/wp-json\/wp\/v2\/product"}],"about":[{"href":"https:\/\/farwell.ee\/ru\/wp-json\/wp\/v2\/types\/product"}],"wp:featuredmedia":[{"embeddable":true,"href":"https:\/\/farwell.ee\/ru\/wp-json\/wp\/v2\/media\/35600"}],"wp:attachment":[{"href":"https:\/\/farwell.ee\/ru\/wp-json\/wp\/v2\/media?parent=35599"}],"wp:term":[{"taxonomy":"product_brand","embeddable":true,"href":"https:\/\/farwell.ee\/ru\/wp-json\/wp\/v2\/product_brand?post=35599"},{"taxonomy":"product_cat","embeddable":true,"href":"https:\/\/farwell.ee\/ru\/wp-json\/wp\/v2\/product_cat?post=35599"},{"taxonomy":"product_tag","embeddable":true,"href":"https:\/\/farwell.ee\/ru\/wp-json\/wp\/v2\/product_tag?post=35599"}],"curies":[{"name":"wp","href":"https:\/\/api.w.org\/{rel}","templated":true}]}}