{"id":35597,"date":"2025-10-17T16:52:44","date_gmt":"2025-10-17T13:52:44","guid":{"rendered":"https:\/\/farwell.ee\/?post_type=product&#038;p=35597"},"modified":"2025-10-21T09:24:49","modified_gmt":"2025-10-21T06:24:49","slug":"joogidispenser-2x9l","status":"publish","type":"product","link":"https:\/\/farwell.ee\/ru\/product\/joogidispenser-2x9l\/","title":{"rendered":"Joogidispenser 2x9L"},"content":{"rendered":"","protected":false},"excerpt":{"rendered":"<p><strong>*hinnale lisandub k\u00e4ibemaks<\/strong><\/p>\n<p data-start=\"109\" data-end=\"161\"><strong data-start=\"109\" data-end=\"161\">Jahutatud joogijaotur 2\u00d79 L segamisfunktsiooniga<\/strong><\/p>\n<p data-start=\"163\" data-end=\"422\">Professionaalne <strong data-start=\"179\" data-end=\"204\">jahutatud joogijaotur<\/strong> mahutavusega <strong data-start=\"218\" data-end=\"235\">2 \u00d7 9 liitrit<\/strong> (2 \u00d7 2,4 gallonit), ideaalne v\u00e4rskete mahlade, kohvi v\u00f5i tee serveerimiseks. Varustatud <strong data-start=\"324\" data-end=\"348\">segamisfunktsiooniga<\/strong>, mis hoiab joogi \u00fchtlaselt segatuna ning v\u00e4hendab vahutamist miinimumini.<\/p>\n<p data-start=\"424\" data-end=\"697\">Seade v\u00f5imaldab korraga pakkuda <strong data-start=\"456\" data-end=\"482\">kahte erinevat maitset<\/strong> kahes l\u00e4bipaistvas, kergesti puhastatavas anumates. <strong data-start=\"535\" data-end=\"557\">23 cm tassi k\u00f5rgus<\/strong> v\u00f5imaldab mugavalt t\u00e4ita ka suuremaid joogitopse. Anumatel on <strong data-start=\"620\" data-end=\"643\">lukustatavad kaaned<\/strong>, mis tagavad parema kaitse soovimatu sekkumise vastu.<\/p>\n<p data-start=\"699\" data-end=\"828\"><strong data-start=\"699\" data-end=\"730\">Lihtne lahti- ja kokkupanek<\/strong> t\u00e4nu nutikale &#8220;easy-off&#8221; mehhanismile, mis teeb puhastamise ja hoolduse kiiremaks ja t\u00f5husamaks.<\/p>\n<ul data-start=\"830\" data-end=\"1006\">\n<li data-start=\"830\" data-end=\"869\">\n<p data-start=\"832\" data-end=\"869\"><strong data-start=\"832\" data-end=\"856\">Temperatuurivahemik:<\/strong> 1,7 \u2013 5\u202f\u00b0C<\/p>\n<\/li>\n<li data-start=\"870\" data-end=\"964\">\n<p data-start=\"872\" data-end=\"964\"><strong data-start=\"872\" data-end=\"899\">Eel-segava t\u00fc\u00fcpi jaotur<\/strong>, roostevabast terasest korpuse ja l\u00e4bipaistvate plastanumatega<\/p>\n<\/li>\n<\/ul>","protected":false},"featured_media":35598,"template":"","meta":{"_acf_changed":false,"inline_featured_image":false},"product_brand":[],"product_cat":[8608],"product_tag":[],"class_list":{"0":"post-35597","1":"product","2":"type-product","3":"status-publish","4":"has-post-thumbnail","6":"product_cat-uued-koogiseadmed","8":"first","9":"outofstock","10":"shipping-taxable","11":"purchasable","12":"product-type-simple"},"acf":[],"_links":{"self":[{"href":"https:\/\/farwell.ee\/ru\/wp-json\/wp\/v2\/product\/35597","targetHints":{"allow":["GET"]}}],"collection":[{"href":"https:\/\/farwell.ee\/ru\/wp-json\/wp\/v2\/product"}],"about":[{"href":"https:\/\/farwell.ee\/ru\/wp-json\/wp\/v2\/types\/product"}],"wp:featuredmedia":[{"embeddable":true,"href":"https:\/\/farwell.ee\/ru\/wp-json\/wp\/v2\/media\/35598"}],"wp:attachment":[{"href":"https:\/\/farwell.ee\/ru\/wp-json\/wp\/v2\/media?parent=35597"}],"wp:term":[{"taxonomy":"product_brand","embeddable":true,"href":"https:\/\/farwell.ee\/ru\/wp-json\/wp\/v2\/product_brand?post=35597"},{"taxonomy":"product_cat","embeddable":true,"href":"https:\/\/farwell.ee\/ru\/wp-json\/wp\/v2\/product_cat?post=35597"},{"taxonomy":"product_tag","embeddable":true,"href":"https:\/\/farwell.ee\/ru\/wp-json\/wp\/v2\/product_tag?post=35597"}],"curies":[{"name":"wp","href":"https:\/\/api.w.org\/{rel}","templated":true}]}}