{"id":35595,"date":"2025-10-17T16:47:34","date_gmt":"2025-10-17T13:47:34","guid":{"rendered":"https:\/\/farwell.ee\/?post_type=product&#038;p=35595"},"modified":"2025-10-21T09:31:30","modified_gmt":"2025-10-21T06:31:30","slug":"induktsioonwok-5kw-laius-400mm-2","status":"publish","type":"product","link":"https:\/\/farwell.ee\/ru\/product\/induktsioonwok-5kw-laius-400mm-2\/","title":{"rendered":"Induktsioonwok 5kW, laius 400mm"},"content":{"rendered":"","protected":false},"excerpt":{"rendered":"<p><strong>*hinnale lisandub k\u00e4ibemaks<\/strong><\/p>\n<p data-start=\"76\" data-end=\"140\"><strong data-start=\"76\" data-end=\"140\">Roostevabast terasest induktsioon-wok \u2013 10 l mahutavus, IPX4<\/strong><\/p>\n<p data-start=\"142\" data-end=\"371\">Seade on valmistatud t\u00e4ielikult kvaliteetsest <strong data-start=\"188\" data-end=\"222\">AISI 304 roostevabast terasest<\/strong>, tagades vastupidavuse ja lihtsa hoolduse. Varustatud tugeva <strong data-start=\"284\" data-end=\"316\">klaaskeraamilise wok-kausiga<\/strong>, mis sobib intensiivseks professionaalseks kasutuseks.<\/p>\n<p data-start=\"373\" data-end=\"657\"><strong data-start=\"373\" data-end=\"400\">Induktsioonitehnoloogia<\/strong> tagab kuni <strong data-start=\"412\" data-end=\"435\">94% energiat\u00f5hususe<\/strong> \u2013 soojus kandub koheselt \u00fcle, kui kontakt tekib induktsiooniga sobiva wok-panniga. T\u00e4nu <strong data-start=\"524\" data-end=\"570\">astmeteta t\u00e4psele temperatuuri juhtimisele<\/strong> on v\u00f5imalik saavutada ideaalne kuumuse reguleerimine vastavalt valmistatavale toidule.<\/p>\n<p data-start=\"659\" data-end=\"799\"><strong data-start=\"659\" data-end=\"688\">K\u00fcpsetusmaht: 10 liitrit.<\/strong><br data-start=\"688\" data-end=\"691\" \/>Seade on <strong data-start=\"700\" data-end=\"722\">IPX4 veekindlusega<\/strong>, mis t\u00e4hendab kaitset pritsmete ja niiskuse eest igap\u00e4evases k\u00f6\u00f6gikasutuses.<\/p>","protected":false},"featured_media":35596,"template":"","meta":{"_acf_changed":false,"inline_featured_image":false},"product_brand":[],"product_cat":[8608],"product_tag":[],"class_list":{"0":"post-35595","1":"product","2":"type-product","3":"status-publish","4":"has-post-thumbnail","6":"product_cat-uued-koogiseadmed","8":"first","9":"outofstock","10":"shipping-taxable","11":"purchasable","12":"product-type-simple"},"acf":[],"_links":{"self":[{"href":"https:\/\/farwell.ee\/ru\/wp-json\/wp\/v2\/product\/35595","targetHints":{"allow":["GET"]}}],"collection":[{"href":"https:\/\/farwell.ee\/ru\/wp-json\/wp\/v2\/product"}],"about":[{"href":"https:\/\/farwell.ee\/ru\/wp-json\/wp\/v2\/types\/product"}],"wp:featuredmedia":[{"embeddable":true,"href":"https:\/\/farwell.ee\/ru\/wp-json\/wp\/v2\/media\/35596"}],"wp:attachment":[{"href":"https:\/\/farwell.ee\/ru\/wp-json\/wp\/v2\/media?parent=35595"}],"wp:term":[{"taxonomy":"product_brand","embeddable":true,"href":"https:\/\/farwell.ee\/ru\/wp-json\/wp\/v2\/product_brand?post=35595"},{"taxonomy":"product_cat","embeddable":true,"href":"https:\/\/farwell.ee\/ru\/wp-json\/wp\/v2\/product_cat?post=35595"},{"taxonomy":"product_tag","embeddable":true,"href":"https:\/\/farwell.ee\/ru\/wp-json\/wp\/v2\/product_tag?post=35595"}],"curies":[{"name":"wp","href":"https:\/\/api.w.org\/{rel}","templated":true}]}}