{"id":35593,"date":"2025-10-17T16:43:01","date_gmt":"2025-10-17T13:43:01","guid":{"rendered":"https:\/\/farwell.ee\/?post_type=product&#038;p=35593"},"modified":"2025-10-21T09:27:40","modified_gmt":"2025-10-21T06:27:40","slug":"induktsioonpliit-10kw-2-tsooniga-thermaline-90","status":"publish","type":"product","link":"https:\/\/farwell.ee\/ru\/product\/induktsioonpliit-10kw-2-tsooniga-thermaline-90\/","title":{"rendered":"Induktsioonpliit 10kW 2-tsooniga Thermaline 90"},"content":{"rendered":"","protected":false},"excerpt":{"rendered":"<p><strong>*hinnale lisandub k\u00e4ibemaks<\/strong><\/p>\n<p data-start=\"245\" data-end=\"588\">Professionaalne induktsioonpliidimoodul, valmistatud vastavalt standardile <strong data-start=\"320\" data-end=\"335\">DIN 18860_2<\/strong>, 20 mm esiservaga (\u201edrop nose\u201c) t\u00f6\u00f6pinnaga. Tugeva konstruktsiooniga siseraam on valmistatud roostevabast terasest, t\u00f6\u00f6pind 2 mm paksusest AISI 304 (1.4301) roostevabast terasest. Lame t\u00f6\u00f6pind on kergesti puhastatav ning sobib intensiivseks kasutuseks.<\/p>\n<p data-start=\"590\" data-end=\"757\"><strong data-start=\"590\" data-end=\"618\">THERMODUL \u00fchenduss\u00fcsteem<\/strong> v\u00f5imaldab seadmete t\u00e4pset ja tihedat \u00fchendamist, tagades h\u00fcgieenilise, katkematu t\u00f6\u00f6pinna ja takistades mustuse sattumist seadmete vahele.<\/p>\n<p data-start=\"759\" data-end=\"993\">Sile <strong data-start=\"764\" data-end=\"789\">klaaskeraamiline pind<\/strong> ilma \u201esurnud tsoonideta\u201c tagab \u00fchtlase kuumenemise ning lihtsa ja kiire puhastamise. Seade pakub <strong data-start=\"887\" data-end=\"905\">9 v\u00f5imsustaset<\/strong>, kiiret kuumenemist ning v\u00e4ga madalat j\u00e4\u00e4ksoojust, mis v\u00e4hendab kuumuse levikut k\u00f6\u00f6gis.<\/p>\n<p data-start=\"995\" data-end=\"1252\">Varustatud <strong data-start=\"1006\" data-end=\"1031\">\u00fclekuumenemiskaitsega<\/strong>, mis katkestab toite liigse temperatuuri korral. Kvaliteetsed <strong data-start=\"1094\" data-end=\"1117\">metallist juhtnupud<\/strong> on varustatud sisseehitatud <strong data-start=\"1146\" data-end=\"1194\">h\u00fcgieenilise silikoonist \u201csoft grip\u201d kattega<\/strong>, mis muudab k\u00e4sitsemise mugavaks ja puhastamise lihtsaks.<\/p>\n<p data-start=\"1254\" data-end=\"1342\">Tootel on <strong data-start=\"1264\" data-end=\"1294\">IPX5 veekindlussertifikaat<\/strong>, mis tagab kaitse veepiiskade ja niiskuse eest.<\/p>","protected":false},"featured_media":35594,"template":"","meta":{"_acf_changed":false,"inline_featured_image":false},"product_brand":[],"product_cat":[8608],"product_tag":[],"class_list":{"0":"post-35593","1":"product","2":"type-product","3":"status-publish","4":"has-post-thumbnail","6":"product_cat-uued-koogiseadmed","8":"first","9":"outofstock","10":"sale","11":"shipping-taxable","12":"purchasable","13":"product-type-simple"},"acf":[],"_links":{"self":[{"href":"https:\/\/farwell.ee\/ru\/wp-json\/wp\/v2\/product\/35593","targetHints":{"allow":["GET"]}}],"collection":[{"href":"https:\/\/farwell.ee\/ru\/wp-json\/wp\/v2\/product"}],"about":[{"href":"https:\/\/farwell.ee\/ru\/wp-json\/wp\/v2\/types\/product"}],"wp:featuredmedia":[{"embeddable":true,"href":"https:\/\/farwell.ee\/ru\/wp-json\/wp\/v2\/media\/35594"}],"wp:attachment":[{"href":"https:\/\/farwell.ee\/ru\/wp-json\/wp\/v2\/media?parent=35593"}],"wp:term":[{"taxonomy":"product_brand","embeddable":true,"href":"https:\/\/farwell.ee\/ru\/wp-json\/wp\/v2\/product_brand?post=35593"},{"taxonomy":"product_cat","embeddable":true,"href":"https:\/\/farwell.ee\/ru\/wp-json\/wp\/v2\/product_cat?post=35593"},{"taxonomy":"product_tag","embeddable":true,"href":"https:\/\/farwell.ee\/ru\/wp-json\/wp\/v2\/product_tag?post=35593"}],"curies":[{"name":"wp","href":"https:\/\/api.w.org\/{rel}","templated":true}]}}