{"id":35590,"date":"2025-10-17T16:03:24","date_gmt":"2025-10-17T13:03:24","guid":{"rendered":"https:\/\/farwell.ee\/?post_type=product&#038;p=35590"},"modified":"2025-10-21T09:37:01","modified_gmt":"2025-10-21T06:37:01","slug":"elektripliit-16kw-4-tsooniga-eco-thermaline-90","status":"publish","type":"product","link":"https:\/\/farwell.ee\/ru\/product\/elektripliit-16kw-4-tsooniga-eco-thermaline-90\/","title":{"rendered":"Elektripliit 16kW 4-tsooniga ECO Thermaline 90"},"content":{"rendered":"","protected":false},"excerpt":{"rendered":"<p><strong>*hinnale lisandub k\u00e4ibemaks<\/strong><\/p>\n<p>m\u00f5\u00f5dud: 1000x900x250mm<\/p>\n<p data-start=\"205\" data-end=\"541\">Professionaalne pliidimoodul, mis on valmistatud vastavalt standardile DIN 18860_2.<br \/>\nSeade on varustatud 20 mm esiservaga (\u201cdrop nose\u201d) ja 70 mm s\u00fcvistatud soklilahendusega.<br \/>\nVastupidav siseraam on valmistatud roostevabast terasest ning t\u00f6\u00f6pind on 2 mm paksusest AISI 304 (1.4301) terasest.<br \/>\nLame konstruktsioon tagab lihtsa puhastatavuse.<\/p>\n<p data-start=\"543\" data-end=\"1007\"><strong data-start=\"543\" data-end=\"553\">ECOTOP<\/strong> mudel on varustatud 20 mm paksuse terasest k\u00fcpsetuspinnaga, millel on kuumust s\u00e4ilitav kate.<br \/>\nNeli eraldi juhitavat kuumutustsooni, igas tsoonis kaks elektroonilist temperatuuriandurit, tagavad t\u00e4pse pinnatemperatuuri kontrolli.<br \/>\nIgal tsoonil on 8 v\u00f5imsustaset.<br \/>\nK\u00fcpsetuspind kuumeneb kiiresti ja on pidevalt kasutusvalmis.<br \/>\n\u00dclekuumenemiskaitse l\u00fclitab vajadusel seadme v\u00e4lja.<br \/>\nEnergiat s\u00e4\u00e4stev <strong data-start=\"944\" data-end=\"958\">ootere\u017eiim<\/strong> tagab kiire taastumise maksimaalsele v\u00f5imsusele.<\/p>","protected":false},"featured_media":35591,"template":"","meta":{"_acf_changed":false,"inline_featured_image":false},"product_brand":[],"product_cat":[8608],"product_tag":[],"class_list":{"0":"post-35590","1":"product","2":"type-product","3":"status-publish","4":"has-post-thumbnail","6":"product_cat-uued-koogiseadmed","8":"first","9":"outofstock","10":"sale","11":"shipping-taxable","12":"purchasable","13":"product-type-simple"},"acf":[],"_links":{"self":[{"href":"https:\/\/farwell.ee\/ru\/wp-json\/wp\/v2\/product\/35590","targetHints":{"allow":["GET"]}}],"collection":[{"href":"https:\/\/farwell.ee\/ru\/wp-json\/wp\/v2\/product"}],"about":[{"href":"https:\/\/farwell.ee\/ru\/wp-json\/wp\/v2\/types\/product"}],"wp:featuredmedia":[{"embeddable":true,"href":"https:\/\/farwell.ee\/ru\/wp-json\/wp\/v2\/media\/35591"}],"wp:attachment":[{"href":"https:\/\/farwell.ee\/ru\/wp-json\/wp\/v2\/media?parent=35590"}],"wp:term":[{"taxonomy":"product_brand","embeddable":true,"href":"https:\/\/farwell.ee\/ru\/wp-json\/wp\/v2\/product_brand?post=35590"},{"taxonomy":"product_cat","embeddable":true,"href":"https:\/\/farwell.ee\/ru\/wp-json\/wp\/v2\/product_cat?post=35590"},{"taxonomy":"product_tag","embeddable":true,"href":"https:\/\/farwell.ee\/ru\/wp-json\/wp\/v2\/product_tag?post=35590"}],"curies":[{"name":"wp","href":"https:\/\/api.w.org\/{rel}","templated":true}]}}