{"id":35588,"date":"2025-10-17T15:27:40","date_gmt":"2025-10-17T12:27:40","guid":{"rendered":"https:\/\/farwell.ee\/?post_type=product&#038;p=35588"},"modified":"2025-10-21T09:32:03","modified_gmt":"2025-10-21T06:32:03","slug":"induktsioonwok-5kw-laius-400mm-3","status":"publish","type":"product","link":"https:\/\/farwell.ee\/ru\/product\/induktsioonwok-5kw-laius-400mm-3\/","title":{"rendered":"Induktsioonwok 5kW, laius 400mm"},"content":{"rendered":"","protected":false},"excerpt":{"rendered":"<p><strong>*hinnale lisandub k\u00e4ibemaks<\/strong><\/p>\n<p>Tugevdatud klaaskeraamiline wok-kauss, mida toidab 5 kW induktor koos \u00fclekuumenemiskaitsega. Induktsiooniplaat maksimeerib soojus\u00fclekande toidule ja v\u00e4hendab energiatarbimist ootere\u017eiimis. Seade on varustatud pannituvastuss\u00fcsteemiga: induktor aktiveerub ainult siis, kui kausile asetatakse induktsioonile sobiv wok-pann. K\u00fclg- ja tagapaneelid on t\u00e4ielikult valmistatud AISI 304 roostevabast terasest Scotch Brite viimistlusega. Eriti tugev t\u00f6\u00f6pind valmistatud 2 mm paksusest AISI 304 roostevabast terasest. T\u00e4isnurksete k\u00fclgservadega, mis v\u00f5imaldavad moodulite tihedat \u00fchendamist.<\/p>\n<p>&nbsp;<\/p>","protected":false},"featured_media":35589,"template":"","meta":{"_acf_changed":false,"inline_featured_image":false},"product_brand":[],"product_cat":[8608],"product_tag":[],"class_list":{"0":"post-35588","1":"product","2":"type-product","3":"status-publish","4":"has-post-thumbnail","6":"product_cat-uued-koogiseadmed","8":"first","9":"outofstock","10":"shipping-taxable","11":"product-type-simple"},"acf":[],"_links":{"self":[{"href":"https:\/\/farwell.ee\/ru\/wp-json\/wp\/v2\/product\/35588","targetHints":{"allow":["GET"]}}],"collection":[{"href":"https:\/\/farwell.ee\/ru\/wp-json\/wp\/v2\/product"}],"about":[{"href":"https:\/\/farwell.ee\/ru\/wp-json\/wp\/v2\/types\/product"}],"wp:featuredmedia":[{"embeddable":true,"href":"https:\/\/farwell.ee\/ru\/wp-json\/wp\/v2\/media\/35589"}],"wp:attachment":[{"href":"https:\/\/farwell.ee\/ru\/wp-json\/wp\/v2\/media?parent=35588"}],"wp:term":[{"taxonomy":"product_brand","embeddable":true,"href":"https:\/\/farwell.ee\/ru\/wp-json\/wp\/v2\/product_brand?post=35588"},{"taxonomy":"product_cat","embeddable":true,"href":"https:\/\/farwell.ee\/ru\/wp-json\/wp\/v2\/product_cat?post=35588"},{"taxonomy":"product_tag","embeddable":true,"href":"https:\/\/farwell.ee\/ru\/wp-json\/wp\/v2\/product_tag?post=35588"}],"curies":[{"name":"wp","href":"https:\/\/api.w.org\/{rel}","templated":true}]}}