{"id":35584,"date":"2025-10-17T15:05:42","date_gmt":"2025-10-17T12:05:42","guid":{"rendered":"https:\/\/farwell.ee\/?post_type=product&#038;p=35584"},"modified":"2025-10-17T15:06:22","modified_gmt":"2025-10-17T12:06:22","slug":"roostevaba-toopind-400mm","status":"publish","type":"product","link":"https:\/\/farwell.ee\/ru\/product\/roostevaba-toopind-400mm\/","title":{"rendered":"Roostevaba t\u00f6\u00f6pind 400mm"},"content":{"rendered":"","protected":false},"excerpt":{"rendered":"<p><strong>*hinnale lisandub k\u00e4ibemaks<\/strong><\/p>\n<p>m\u00f5\u00f5dud:400x930x250mm<\/p>\n<p>Paigaldamiseks 900XP k\u00fclmutatud alusele, avatud alusekapile, sillutugedele v\u00f5i kinnij\u00e4\u00e4tmeteta toestuss\u00fcsteemidele. Valmistatud roostevabast terasest Scotch Brite viimistlusega. T\u00f6\u00f6pind 20\/10 paksusest roostevabast terasest. Parempoolsed k\u00fclgmised servad on 90-kraadise nurga all, mis v\u00e4listab l\u00f5hed ja mustuse kogunemise moodulite vahele.<\/p>","protected":false},"featured_media":35585,"template":"","meta":{"_acf_changed":false,"inline_featured_image":false},"product_brand":[],"product_cat":[8608],"product_tag":[],"class_list":{"0":"post-35584","1":"product","2":"type-product","3":"status-publish","4":"has-post-thumbnail","6":"product_cat-uued-koogiseadmed","8":"first","9":"outofstock","10":"shipping-taxable","11":"purchasable","12":"product-type-simple"},"acf":[],"_links":{"self":[{"href":"https:\/\/farwell.ee\/ru\/wp-json\/wp\/v2\/product\/35584","targetHints":{"allow":["GET"]}}],"collection":[{"href":"https:\/\/farwell.ee\/ru\/wp-json\/wp\/v2\/product"}],"about":[{"href":"https:\/\/farwell.ee\/ru\/wp-json\/wp\/v2\/types\/product"}],"wp:featuredmedia":[{"embeddable":true,"href":"https:\/\/farwell.ee\/ru\/wp-json\/wp\/v2\/media\/35585"}],"wp:attachment":[{"href":"https:\/\/farwell.ee\/ru\/wp-json\/wp\/v2\/media?parent=35584"}],"wp:term":[{"taxonomy":"product_brand","embeddable":true,"href":"https:\/\/farwell.ee\/ru\/wp-json\/wp\/v2\/product_brand?post=35584"},{"taxonomy":"product_cat","embeddable":true,"href":"https:\/\/farwell.ee\/ru\/wp-json\/wp\/v2\/product_cat?post=35584"},{"taxonomy":"product_tag","embeddable":true,"href":"https:\/\/farwell.ee\/ru\/wp-json\/wp\/v2\/product_tag?post=35584"}],"curies":[{"name":"wp","href":"https:\/\/api.w.org\/{rel}","templated":true}]}}