{"id":35580,"date":"2025-10-17T14:38:56","date_gmt":"2025-10-17T11:38:56","guid":{"rendered":"https:\/\/farwell.ee\/?post_type=product&#038;p=35580"},"modified":"2025-10-20T14:13:37","modified_gmt":"2025-10-20T11:13:37","slug":"noude-karutoopind-16gn1-1","status":"publish","type":"product","link":"https:\/\/farwell.ee\/ru\/product\/noude-karutoopind-16gn1-1\/","title":{"rendered":"GN-n\u00f5ude k\u00e4ru 16 GN 1\/1+ t\u00f6\u00f6pind"},"content":{"rendered":"","protected":false},"excerpt":{"rendered":"<p><strong>*hinnale lisandub k\u00e4ibemaks<\/strong><\/p>\n<p>Valmistatud AISI 304 roostevabast terasest.<\/p>\n<p>Konstruktsioon t\u00e4ielikult keevitatud 25 \u00d7 25 mm nelikanttorust.<\/p>\n<p>Varustatud t\u00f6\u00f6pinnaga.<\/p>\n<p>C-kujulised &#8220;\u00fcmberminekuvastased&#8221; siinid, mille otstes on \u00fclesp\u00f6\u00f6ratud servad, sobivad GN-n\u00f5udele suurustes 1\/1, 1\/2 ja 1\/3.<\/p>\n<p>Anumad paigutatakse kahte ritta (8 + 8 1\/1 GN).<\/p>\n<p>Varustatud nelja p\u00f6\u00f6rleva rattaga (l\u00e4bim\u00f5\u00f5t 125 mm), neist kahel on pidurid.<\/p>\n<p>Rattad on varustatud plastist p\u00f5rkekaitsetega.<\/p>","protected":false},"featured_media":35581,"template":"","meta":{"_acf_changed":false,"inline_featured_image":false},"product_brand":[],"product_cat":[8608],"product_tag":[],"class_list":{"0":"post-35580","1":"product","2":"type-product","3":"status-publish","4":"has-post-thumbnail","6":"product_cat-uued-koogiseadmed","8":"first","9":"outofstock","10":"sale","11":"shipping-taxable","12":"purchasable","13":"product-type-simple"},"acf":[],"_links":{"self":[{"href":"https:\/\/farwell.ee\/ru\/wp-json\/wp\/v2\/product\/35580","targetHints":{"allow":["GET"]}}],"collection":[{"href":"https:\/\/farwell.ee\/ru\/wp-json\/wp\/v2\/product"}],"about":[{"href":"https:\/\/farwell.ee\/ru\/wp-json\/wp\/v2\/types\/product"}],"wp:featuredmedia":[{"embeddable":true,"href":"https:\/\/farwell.ee\/ru\/wp-json\/wp\/v2\/media\/35581"}],"wp:attachment":[{"href":"https:\/\/farwell.ee\/ru\/wp-json\/wp\/v2\/media?parent=35580"}],"wp:term":[{"taxonomy":"product_brand","embeddable":true,"href":"https:\/\/farwell.ee\/ru\/wp-json\/wp\/v2\/product_brand?post=35580"},{"taxonomy":"product_cat","embeddable":true,"href":"https:\/\/farwell.ee\/ru\/wp-json\/wp\/v2\/product_cat?post=35580"},{"taxonomy":"product_tag","embeddable":true,"href":"https:\/\/farwell.ee\/ru\/wp-json\/wp\/v2\/product_tag?post=35580"}],"curies":[{"name":"wp","href":"https:\/\/api.w.org\/{rel}","templated":true}]}}